{"id":50,"date":"2025-07-11T15:54:03","date_gmt":"2025-07-11T13:54:03","guid":{"rendered":"http:\/\/www.dactyloplus.fr\/?page_id=50"},"modified":"2025-07-11T15:54:08","modified_gmt":"2025-07-11T13:54:08","slug":"mes-enseignements","status":"publish","type":"page","link":"https:\/\/www.dactyloplus.fr\/index.php\/mes-enseignements\/","title":{"rendered":"Mes enseignements"},"content":{"rendered":"<p><div class=\"et_d4_element et_pb_section et_pb_section_0  et_pb_css_mix_blend_mode et_section_regular et_block_section\" >\n\t\t\t\t\n\t\t\t\t\n\t\t\t\t\n\t\t\t\t\n\t\t\t\t\n\t\t\t\t\n\t\t\t\t<div class=\"et_d4_element et_pb_row et_pb_row_0  et_pb_css_mix_blend_mode et_block_row\">\n\t\t\t\t<div class=\"et_d4_element et_pb_column_4_4 et_pb_column et_pb_column_0  et_pb_css_mix_blend_mode et-last-child et_block_column\">\n\t\t\t\t\n\t\t\t\t\n\t\t\t\t\n\t\t\t\t\n\t\t\t\t<div class=\"et_pb_module et_d4_element et_pb_text et_pb_text_0  et_pb_text_align_left et_pb_bg_layout_light\">\n\t\t\t\t\n\t\t\t\t\n\t\t\t\t\n\t\t\t\t\n\t\t\t\t<div class=\"et_pb_text_inner\"><h1 style=\"text-align: center;\"><strong>MES ENSEIGNEMENTS<\/strong><\/h1><\/div>\n\t\t\t<\/div>\n\t\t\t<\/div>\n\t\t\t\t\n\t\t\t\t\n\t\t\t\t\n\t\t\t\t\n\t\t\t<\/div>\n\t\t\t\t\n\t\t\t\t\n\t\t\t<\/div><div class=\"et_d4_element et_pb_section et_pb_section_1  et_pb_css_mix_blend_mode et_section_regular et_block_section\" >\n\t\t\t\t\n\t\t\t\t\n\t\t\t\t\n\t\t\t\t\n\t\t\t\t\n\t\t\t\t\n\t\t\t\t<div class=\"et_d4_element et_pb_row et_pb_row_1  et_pb_css_mix_blend_mode et_block_row\">\n\t\t\t\t<div class=\"et_d4_element et_pb_column_1_4 et_pb_column et_pb_column_1  et_pb_css_mix_blend_mode et_block_column\">\n\t\t\t\t\n\t\t\t\t\n\t\t\t\t\n\t\t\t\t\n\t\t\t\t<div class=\"et_pb_module et_d4_element et_pb_post_slider et_pb_post_slider_0  et_pb_css_mix_blend_mode et_pb_slider et_pb_post_slider_image_background et_pb_slider_fullwidth_off et_pb_slider_with_overlay\">\n\t\t\t\t\n\t\t\t\t\n\t\t\t\t\n\t\t\t\t\n\t\t\t\t<div class=\"et_pb_slides\">\n\t\t\t\t\t\t\t\t\t<div class=\"et_pb_slide et_pb_bg_layout_dark et_pb_post_slide-262401\"  style=\"background-image: url(https:\/\/www.dactyloplus.fr\/wp-content\/uploads\/2025\/08\/cache_70293159.jpg);\">\n\t\t\t\t\t\t\t\t\t\t\t\t\t<div class=\"et_pb_slide_overlay_container\"><\/div>\n\t\t\t\t\t\t\t\t<div class=\"et_pb_container clearfix\">\n\t\t\t\t\t<div class=\"et_pb_slider_container_inner\">\n\t\t\t\t\t\t\t\t\t\t\t\t<div class=\"et_pb_slide_description\">\n\t\t\t\t\t\t\t\t\t\t\t\t\t\t\t<h2 class=\"et_pb_slide_title\"><a href=\"https:\/\/www.dactyloplus.fr\/index.php\/2025\/08\/23\/262401\/\">L exp\u00e9rience d amour absolu<\/a><\/h2>\n\t\t\t\t\t\t\t\t<div class=\"et_pb_slide_content\n\t\t\t\t\t\t\t\t\t\t\t\t\t\t\t\t\">\n\t\t\t\t\t\t\t\t\t<p class=\"post-meta\">par <span class=\"author vcard\"><a href=\"https:\/\/www.dactyloplus.fr\/index.php\/author\/admin2735\/\" title=\"Articles par admin2735\" rel=\"author\">admin2735<\/a><\/span> | <span class=\"published\">23\/08\/2025<\/span> | <a href=\"https:\/\/www.dactyloplus.fr\/index.php\/category\/uncategorized\/\" rel=\"category tag\">Uncategorized<\/a> | 0 Commentaires<\/p><div>L'exp\u00e9rience d'amour absolu \u00e9crit le 23 mai 2020 entre 2h et 3h15 du matin &nbsp; Poussine est partie hier soir. &nbsp; Je pourrais vous raconter les d\u00e9tails de la qu\u00eate initiatique qui m\u2019a \u00e9t\u00e9 donn\u00e9e \u00e0 vivre ces 3 derniers jours, au travers ce moment de vie, guidant...<\/div>\t\t\t\t\t\t\t\t<\/div>\n\t\t\t\t\t\t\t\t\t\t\t\t\t\t<div class=\"et_pb_button_wrapper\"><a class=\"et_pb_button et_pb_more_button\" href=\"https:\/\/www.dactyloplus.fr\/index.php\/2025\/08\/23\/262401\/\">Lire plus<\/a><\/div>\t\t\t\t\t\t<\/div>\n\t\t\t\t\t\t\t\t\t\t\t<\/div>\n\t\t\t\t<\/div>\n\t\t\t<\/div>\n\t\t\t\t\t\t\t\t<div class=\"et_pb_slide et_pb_bg_layout_dark et_pb_post_slide-262377\"  style=\"background-image: url(https:\/\/www.dactyloplus.fr\/wp-content\/uploads\/2025\/08\/cache_67383233.jpg);\">\n\t\t\t\t\t\t\t\t\t\t\t\t\t<div class=\"et_pb_slide_overlay_container\"><\/div>\n\t\t\t\t\t\t\t\t<div class=\"et_pb_container clearfix\">\n\t\t\t\t\t<div class=\"et_pb_slider_container_inner\">\n\t\t\t\t\t\t\t\t\t\t\t\t<div class=\"et_pb_slide_description\">\n\t\t\t\t\t\t\t\t\t\t\t\t\t\t\t<h2 class=\"et_pb_slide_title\"><a href=\"https:\/\/www.dactyloplus.fr\/index.php\/2025\/08\/22\/262377\/\">Guerre ou paix des sexes<\/a><\/h2>\n\t\t\t\t\t\t\t\t<div class=\"et_pb_slide_content\n\t\t\t\t\t\t\t\t\t\t\t\t\t\t\t\t\">\n\t\t\t\t\t\t\t\t\t<p class=\"post-meta\">par <span class=\"author vcard\"><a href=\"https:\/\/www.dactyloplus.fr\/index.php\/author\/admin2735\/\" title=\"Articles par admin2735\" rel=\"author\">admin2735<\/a><\/span> | <span class=\"published\">22\/08\/2025<\/span> | <a href=\"https:\/\/www.dactyloplus.fr\/index.php\/category\/uncategorized\/\" rel=\"category tag\">Uncategorized<\/a> | 0 Commentaires<\/p><div>\u00catre femme en 2018 N\u00e9e fille, devenue femme, destin\u00e9e \u00e0 vivre sous le signe de la croix ? Le 04\/05\/2018\u00a0-\u00a0 pour la revue\u00a0R\u00eave de Femmes \u00a0 Le fil de l\u2019actualit\u00e9 depuis l\u2019automne 2017 m\u2019a amen\u00e9 \u00e0 me sentir une femme \u00e9cartel\u00e9e entre le monde Masculin et celui du F\u00e9minin,...<\/div>\t\t\t\t\t\t\t\t<\/div>\n\t\t\t\t\t\t\t\t\t\t\t\t\t\t<div class=\"et_pb_button_wrapper\"><a class=\"et_pb_button et_pb_more_button\" href=\"https:\/\/www.dactyloplus.fr\/index.php\/2025\/08\/22\/262377\/\">Lire plus<\/a><\/div>\t\t\t\t\t\t<\/div>\n\t\t\t\t\t\t\t\t\t\t\t<\/div>\n\t\t\t\t<\/div>\n\t\t\t<\/div>\n\t\t\t\t\n\t\t\t\t<\/div>\n\t\t\t\t\n\t\t\t<\/div>\n\t\t\t\n\t\t\t<\/div><div class=\"et_d4_element et_pb_column_1_4 et_pb_column et_pb_column_2  et_pb_css_mix_blend_mode et_block_column et_pb_column_empty\">\n\t\t\t\t\n\t\t\t\t\n\t\t\t\t\n\t\t\t\t\n\t\t\t\t\n\t\t\t<\/div><div class=\"et_d4_element et_pb_column_1_4 et_pb_column et_pb_column_3  et_pb_css_mix_blend_mode et_block_column et_pb_column_empty\">\n\t\t\t\t\n\t\t\t\t\n\t\t\t\t\n\t\t\t\t\n\t\t\t\t\n\t\t\t<\/div><div class=\"et_d4_element et_pb_column_1_4 et_pb_column et_pb_column_4  et_pb_css_mix_blend_mode et-last-child et_block_column et_pb_column_empty\">\n\t\t\t\t\n\t\t\t\t\n\t\t\t\t\n\t\t\t\t\n\t\t\t\t\n\t\t\t<\/div>\n\t\t\t\t\n\t\t\t\t\n\t\t\t\t\n\t\t\t\t\n\t\t\t<\/div>\n\t\t\t\t\n\t\t\t\t\n\t\t\t<\/div><div class=\"et_d4_element et_pb_section et_pb_section_2  et_pb_css_mix_blend_mode et_section_specialty et_block_section\" >\n\t\t\t\t\n\t\t\t\t\n\t\t\t\t\n\t\t\t\t\n\t\t\t\t\n\t\t\t\t<div class=\"et_pb_row et_block_row et_d4_element\">\n\t\t\t\t<div class=\"et_d4_element et_pb_column_1_4 et_pb_column et_pb_column_5    et_pb_css_mix_blend_mode et_block_column\">\n\t\t\t\t\n\t\t\t\t\n\t\t\t\t\n\t\t\t\t\n\t\t\t\t<div class=\"et_pb_module et_d4_element et_pb_slider et_pb_slider_0 et_pb_slider_fullwidth_off\">\n\t\t\t\t<div class=\"et_pb_slides\">\n\t\t\t\t\t<div class=\"et_d4_element et_pb_slide et_pb_slide_0  et_pb_css_mix_blend_mode et_pb_bg_layout_dark et_pb_media_alignment_center et-pb-active-slide\" data-slide-id=\"et_pb_slide_0\">\n\t\t\t\t\n\t\t\t\t\n\t\t\t\t<div class=\"et_pb_container clearfix\">\n\t\t\t\t\t<div class=\"et_pb_slider_container_inner\">\n\t\t\t\t\t\t\n\t\t\t\t\t\t<div class=\"et_pb_slide_description\">\n\t\t\t\t\t\t\t<h2 class=\"et_pb_slide_title\">Votre titre va ici<\/h2><div class=\"et_pb_slide_content\"><p>Your content goes here. Edit or remove this text inline or in the module Content settings. You can also style every aspect of this content in the module Design settings and even apply custom CSS to this text in the module Advanced settings.<\/p><\/div>\n\t\t\t\t\t\t\t<div class=\"et_pb_button_wrapper\"><a class=\"et_pb_button et_pb_more_button\" href=\"#\">Clics<\/a><\/div>\n\t\t\t\t\t\t<\/div>\n\t\t\t\t\t<\/div>\n\t\t\t\t<\/div>\n\t\t\t\t\n\t\t\t\t\n\t\t\t\t\n\t\t\t<\/div>\n\t\t\t<div class=\"et_d4_element et_pb_slide et_pb_slide_1  et_pb_css_mix_blend_mode et_pb_bg_layout_dark et_pb_media_alignment_center\" data-slide-id=\"et_pb_slide_1\">\n\t\t\t\t\n\t\t\t\t\n\t\t\t\t<div class=\"et_pb_container clearfix\">\n\t\t\t\t\t<div class=\"et_pb_slider_container_inner\">\n\t\t\t\t\t\t\n\t\t\t\t\t\t<div class=\"et_pb_slide_description\">\n\t\t\t\t\t\t\t<h2 class=\"et_pb_slide_title\">Votre titre va ici<\/h2><div class=\"et_pb_slide_content\"><p>Your content goes here. Edit or remove this text inline or in the module Content settings. You can also style every aspect of this content in the module Design settings and even apply custom CSS to this text in the module Advanced settings.<\/p><\/div>\n\t\t\t\t\t\t\t<div class=\"et_pb_button_wrapper\"><a class=\"et_pb_button et_pb_more_button\" href=\"#\">Clics<\/a><\/div>\n\t\t\t\t\t\t<\/div>\n\t\t\t\t\t<\/div>\n\t\t\t\t<\/div>\n\t\t\t\t\n\t\t\t\t\n\t\t\t\t\n\t\t\t<\/div>\n\t\t\t\n\t\t\t\t<\/div>\n\t\t\t\t\n\t\t\t<\/div>\n\t\t\t\n\t\t\t<\/div><div class=\"et_d4_element et_pb_column_1_2 et_pb_column et_pb_column_6   et_pb_specialty_column  et_pb_css_mix_blend_mode et_block_column\">\n\t\t\t\t\n\t\t\t\t\n\t\t\t\t\n\t\t\t\t\n\t\t\t\t<div class=\"et_d4_element et_pb_row_inner et_pb_row_inner_0  et_pb_css_mix_blend_mode et_block_row\">\n\t\t\t\t<div class=\"et_pb_column et_pb_column_4_4 et_d4_element et_pb_column_inner et_pb_column_inner_0  et_pb_css_mix_blend_mode et-last-child et_block_column\">\n\t\t\t\t\n\t\t\t\t\n\t\t\t\t\n\t\t\t\t\n\t\t\t\t<div class=\"et_pb_module et_d4_element et_pb_text et_pb_text_1  et_pb_text_align_left et_pb_bg_layout_light\">\n\t\t\t\t\n\t\t\t\t\n\t\t\t\t\n\t\t\t\t\n\t\t\t\t<div class=\"et_pb_text_inner\"><p>Enseignements<\/p><\/div>\n\t\t\t<\/div>\n\t\t\t<\/div>\n\t\t\t\t\n\t\t\t\t\n\t\t\t\t\n\t\t\t\t\n\t\t\t<\/div>\n\t\t\t<\/div><div class=\"et_d4_element et_pb_column_1_4 et_pb_column et_pb_column_7    et_pb_css_mix_blend_mode et_block_column\">\n\t\t\t\t\n\t\t\t\t\n\t\t\t\t\n\t\t\t\t\n\t\t\t\t<div class=\"et_pb_module et_d4_element et_pb_countdown_timer et_pb_countdown_timer_0 et_pb_bg_layout_dark\" data-end-timestamp=\"1754833980\">\n\t\t\t\t\n\t\t\t\t\n\t\t\t\t\n\t\t\t\t\n\t\t\t\t<div class=\"et_pb_countdown_timer_container clearfix\">\n\t\t\t\t\t<h4 class=\"title\">Votre titre va ici<\/h4>\n\t\t\t\t\t<div class=\"days section values\" data-short=\"Day\" data-full=\"Jour(s)\">\n\t\t\t\t\t\t<p class=\"value\"><\/p>\n\t\t\t\t\t\t<p class=\"label\">Jour(s)<\/p>\n\t\t\t\t\t<\/div><div class=\"sep section\">\n\t\t\t\t\t\t<p>:<\/p>\n\t\t\t\t\t<\/div><div class=\"hours section values\" data-short=\"Hrs\" data-full=\"Heure(s)\">\n\t\t\t\t\t\t<p class=\"value\"><\/p>\n\t\t\t\t\t\t<p class=\"label\">Heure(s)<\/p>\n\t\t\t\t\t<\/div><div class=\"sep section\">\n\t\t\t\t\t\t<p>:<\/p>\n\t\t\t\t\t<\/div><div class=\"minutes section values\" data-short=\"Min\" data-full=\"Minute(s)\">\n\t\t\t\t\t\t<p class=\"value\"><\/p>\n\t\t\t\t\t\t<p class=\"label\">Minute(s)<\/p>\n\t\t\t\t\t<\/div><div class=\"sep section\">\n\t\t\t\t\t\t<p>:<\/p>\n\t\t\t\t\t<\/div><div class=\"seconds section values\" data-short=\"Sec\" data-full=\"Seconde(s)\">\n\t\t\t\t\t\t<p class=\"value\"><\/p>\n\t\t\t\t\t\t<p class=\"label\">Seconde(s)<\/p>\n\t\t\t\t\t<\/div>\n\t\t\t\t<\/div>\n\t\t\t<\/div>\n\t\t\t<\/div>\n\t\t\t\t<\/div>\n\t\t\t\t\n\t\t\t<\/div><\/p>\n","protected":false},"excerpt":{"rendered":"","protected":false},"author":1,"featured_media":0,"parent":0,"menu_order":0,"comment_status":"closed","ping_status":"closed","template":"","meta":{"_et_pb_use_builder":"on","_et_pb_old_content":"","_et_gb_content_width":"","footnotes":""},"class_list":["post-50","page","type-page","status-publish","hentry"],"jetpack_sharing_enabled":true,"_links":{"self":[{"href":"https:\/\/www.dactyloplus.fr\/index.php\/wp-json\/wp\/v2\/pages\/50","targetHints":{"allow":["GET"]}}],"collection":[{"href":"https:\/\/www.dactyloplus.fr\/index.php\/wp-json\/wp\/v2\/pages"}],"about":[{"href":"https:\/\/www.dactyloplus.fr\/index.php\/wp-json\/wp\/v2\/types\/page"}],"author":[{"embeddable":true,"href":"https:\/\/www.dactyloplus.fr\/index.php\/wp-json\/wp\/v2\/users\/1"}],"replies":[{"embeddable":true,"href":"https:\/\/www.dactyloplus.fr\/index.php\/wp-json\/wp\/v2\/comments?post=50"}],"version-history":[{"count":4,"href":"https:\/\/www.dactyloplus.fr\/index.php\/wp-json\/wp\/v2\/pages\/50\/revisions"}],"predecessor-version":[{"id":55,"href":"https:\/\/www.dactyloplus.fr\/index.php\/wp-json\/wp\/v2\/pages\/50\/revisions\/55"}],"wp:attachment":[{"href":"https:\/\/www.dactyloplus.fr\/index.php\/wp-json\/wp\/v2\/media?parent=50"}],"curies":[{"name":"wp","href":"https:\/\/api.w.org\/{rel}","templated":true}]}}