{"id":262356,"date":"2025-08-20T21:29:13","date_gmt":"2025-08-20T19:29:13","guid":{"rendered":"http:\/\/www.dactyloplus.fr\/?page_id=262356"},"modified":"2025-09-07T15:59:44","modified_gmt":"2025-09-07T13:59:44","slug":"262356-2","status":"publish","type":"page","link":"https:\/\/www.dactyloplus.fr\/index.php\/262356-2\/","title":{"rendered":"Blog"},"content":{"rendered":"<p><div class=\"et_d4_element et_pb_section et_pb_section_0 et_pb_section_video et_pb_preload et_pb_with_background  et_pb_css_mix_blend_mode et_section_regular et_block_section\" >\n\t\t\t\t\n\t\t\t\t\n\t\t\t\t<span class=\"et_pb_section_video_bg  \">\n\t\t\t\t\t\n\t\t\t<video loop=\"loop\" autoplay playsinline muted >\n\t\t\t\t<source type=\"video\/mp4\" src=\"http:\/\/www.dactyloplus.fr\/wp-content\/uploads\/2025\/09\/Videosanimations-1.mp4\" \/>\n\t\t\t\t\n\t\t\t<\/video>\n\t\t\t\t<\/span>\n\t\t\t\t\n\t\t\t\t\n\t\t\t\t\n\t\t\t\t<div class=\"et_d4_element et_pb_row et_pb_row_0  et_pb_css_mix_blend_mode et_block_row\">\n\t\t\t\t<div class=\"et_d4_element et_pb_column_4_4 et_pb_column et_pb_column_0  et_pb_css_mix_blend_mode et-last-child et_block_column\">\n\t\t\t\t\n\t\t\t\t\n\t\t\t\t\n\t\t\t\t\n\t\t\t\t<div class=\"et_pb_module et_d4_element et_pb_text et_pb_text_0  et_pb_text_align_left et_pb_bg_layout_light\">\n\t\t\t\t\n\t\t\t\t\n\t\t\t\t\n\t\t\t\t\n\t\t\t\t<div class=\"et_pb_text_inner\"><h2>Blog V1<\/h2><\/div>\n\t\t\t<\/div>\n\t\t\t<\/div>\n\t\t\t\t\n\t\t\t\t\n\t\t\t\t\n\t\t\t\t\n\t\t\t<\/div>\n\t\t\t\t\n\t\t\t\t\n\t\t\t<\/div><div class=\"et_d4_element et_pb_section et_pb_section_1 life_blogv1_blog  et_pb_css_mix_blend_mode et_section_regular et_block_section\" >\n\t\t\t\t\n\t\t\t\t\n\t\t\t\t\n\t\t\t\t\n\t\t\t\t\n\t\t\t\t\n\t\t\t\t<div class=\"et_d4_element et_pb_row et_pb_row_1 et_pb_gutters1  et_pb_css_mix_blend_mode et_block_row\">\n\t\t\t\t<div class=\"et_d4_element et_pb_column_1_5 et_pb_column et_pb_column_1  et_pb_css_mix_blend_mode et_block_column et_pb_column_empty\">\n\t\t\t\t\n\t\t\t\t\n\t\t\t\t\n\t\t\t\t\n\t\t\t\t\n\t\t\t<\/div><div class=\"et_d4_element et_pb_column_3_5 et_pb_column et_pb_column_2  et_pb_css_mix_blend_mode et_block_column\">\n\t\t\t\t\n\t\t\t\t\n\t\t\t\t\n\t\t\t\t\n\t\t\t\t<div class=\"et_pb_module et_d4_element et_pb_blog_0  et_pb_css_mix_blend_mode et_pb_posts et_pb_bg_layout_light  et_pb_text_align_center-tablet\">\n\t\t\t\t\n\t\t\t\t\n\t\t\t\t\n\t\t\t\t\n\t\t\t\t<div class=\"et_pb_ajax_pagination_container\">\n\t\t\t\t\t\n\t\t\t<article id=\"post-262401\" class=\"et_pb_post clearfix et_pb_has_overlay et_pb_blog_item_0_0 post-262401 post type-post status-publish format-standard has-post-thumbnail hentry category-uncategorized\">\n\n\t\t\t\t<a href=\"https:\/\/www.dactyloplus.fr\/index.php\/2025\/08\/23\/262401\/\" class=\"entry-featured-image-url\"><img loading=\"lazy\" decoding=\"async\" src=\"https:\/\/www.dactyloplus.fr\/wp-content\/uploads\/2025\/08\/cache_70293159.jpg\" alt=\"L exp\u00e9rience d amour absolu\" class=\"\" width=\"1080\" height=\"675\" srcset=\"https:\/\/www.dactyloplus.fr\/wp-content\/uploads\/2025\/08\/cache_70293159.jpg 1080w, https:\/\/www.dactyloplus.fr\/wp-content\/uploads\/2025\/08\/cache_70293159-480x360.jpg 480w\" sizes=\"(min-width: 0px) and (max-width: 480px) 480px, (min-width: 481px) 1080px, 100vw\" \/><span class=\"et_overlay et_pb_inline_icon\" data-icon=\"L\"><\/span><\/a>\n\t\t\t\t\t\t\t\t\t\t\t\t\t\t<h2 class=\"entry-title\">\n\t\t\t\t\t\t\t\t\t\t\t\t\t<a href=\"https:\/\/www.dactyloplus.fr\/index.php\/2025\/08\/23\/262401\/\">L exp\u00e9rience d amour absolu<\/a>\n\t\t\t\t\t\t\t\t\t\t\t<\/h2>\n\t\t\t\t\n\t\t\t\t\t<p class=\"post-meta\">par <span class=\"author vcard\"><a href=\"https:\/\/www.dactyloplus.fr\/index.php\/author\/admin2735\/\" title=\"Articles par admin2735\" rel=\"author\">admin2735<\/a><\/span> | <span class=\"published\">Ao\u00fbt 23, 2025<\/span> | <a href=\"https:\/\/www.dactyloplus.fr\/index.php\/category\/uncategorized\/\" rel=\"tag\">Uncategorized<\/a><\/p><div class=\"post-content\"><div class=\"post-content-inner\"><p>L'exp\u00e9rience d'amour absolu \u00e9crit le 23 mai 2020 entre 2h et 3h15 du matin &nbsp; Poussine est partie hier soir. &nbsp; Je pourrais vous raconter les d\u00e9tails de la qu\u00eate initiatique qui m\u2019a \u00e9t\u00e9 donn\u00e9e \u00e0 vivre ces 3 derniers jours, au travers ce moment de vie, guidant...<\/p>\n<\/div><\/div>\t\t\t\n\t\t\t<\/article>\n\t\t\t\t\n\t\t\t<article id=\"post-262377\" class=\"et_pb_post clearfix et_pb_has_overlay et_pb_blog_item_0_1 post-262377 post type-post status-publish format-standard has-post-thumbnail hentry category-uncategorized\">\n\n\t\t\t\t<a href=\"https:\/\/www.dactyloplus.fr\/index.php\/2025\/08\/22\/262377\/\" class=\"entry-featured-image-url\"><img loading=\"lazy\" decoding=\"async\" src=\"https:\/\/www.dactyloplus.fr\/wp-content\/uploads\/2025\/08\/cache_67383233.jpg\" alt=\"Guerre ou paix des sexes\" class=\"\" width=\"1080\" height=\"675\" \/><span class=\"et_overlay et_pb_inline_icon\" data-icon=\"L\"><\/span><\/a>\n\t\t\t\t\t\t\t\t\t\t\t\t\t\t<h2 class=\"entry-title\">\n\t\t\t\t\t\t\t\t\t\t\t\t\t<a href=\"https:\/\/www.dactyloplus.fr\/index.php\/2025\/08\/22\/262377\/\">Guerre ou paix des sexes<\/a>\n\t\t\t\t\t\t\t\t\t\t\t<\/h2>\n\t\t\t\t\n\t\t\t\t\t<p class=\"post-meta\">par <span class=\"author vcard\"><a href=\"https:\/\/www.dactyloplus.fr\/index.php\/author\/admin2735\/\" title=\"Articles par admin2735\" rel=\"author\">admin2735<\/a><\/span> | <span class=\"published\">Ao\u00fbt 22, 2025<\/span> | <a href=\"https:\/\/www.dactyloplus.fr\/index.php\/category\/uncategorized\/\" rel=\"tag\">Uncategorized<\/a><\/p><div class=\"post-content\"><div class=\"post-content-inner\"><p>\u00catre femme en 2018 N\u00e9e fille, devenue femme, destin\u00e9e \u00e0 vivre sous le signe de la croix ? Le 04\/05\/2018\u00a0-\u00a0 pour la revue\u00a0R\u00eave de Femmes \u00a0 Le fil de l\u2019actualit\u00e9 depuis l\u2019automne 2017 m\u2019a amen\u00e9 \u00e0 me sentir une femme \u00e9cartel\u00e9e entre le monde Masculin et celui du F\u00e9minin,...<\/p>\n<\/div><\/div>\t\t\t\n\t\t\t<\/article>\n\t\t\t\t<div><div class=\"pagination clearfix\">\n\t<div class=\"alignleft\"><\/div>\n\t<div class=\"alignright\"><\/div>\n<\/div><\/div><\/div>\n\t\t\t\t<\/div>\n\t\t\t\t \n\t\t\t<\/div><div class=\"et_d4_element et_pb_column_1_5 et_pb_column et_pb_column_3  et_pb_css_mix_blend_mode et-last-child et_block_column et_pb_column_empty\">\n\t\t\t\t\n\t\t\t\t\n\t\t\t\t\n\t\t\t\t\n\t\t\t\t\n\t\t\t<\/div>\n\t\t\t\t\n\t\t\t\t\n\t\t\t\t\n\t\t\t\t\n\t\t\t<\/div>\n\t\t\t\t\n\t\t\t\t\n\t\t\t<\/div><div class=\"et_d4_element et_pb_section et_pb_section_2  et_pb_css_mix_blend_mode et_pb_fullwidth_section et_section_regular et_block_section\" >\n\t\t\t\t\n\t\t\t\t\n\t\t\t\t\n\t\t\t\t\n\t\t\t\t\n\t\t\t\t\n\t\t\t\t<div class=\"et_pb_module et_d4_element et_pb_fullwidth_code et_pb_fullwidth_code_0\">\n\t\t\t\t\n\t\t\t\t\n\t\t\t\t\n\t\t\t\t\n\t\t\t\t<div class=\"et_pb_code_inner\"><style>\n.life_blogv1_blog .et_pb_posts .et_pb_post .entry-featured-image-url{\nwidth: 290px;\noverflow: hidden; \nborder-radius: 50%;\n}\n.life_blogv1_blog .et_pb_posts .et_pb_post .life_blogv1_blog_content{width:70%;\n}\n  .life_blogv1_blog .et_pb_posts .et_pb_post{display:flex;align-items:center;gap:30px;}\n@media only screen and (max-width:980px){\n  .life_blogv1_blog .et_pb_posts .et_pb_post{    display: block;}\n  .life_blogv1_blog .et_pb_posts .et_pb_post .entry-featured-image-url{margin: 0 auto 15px;}\n  .life_blogv1_blog .et_pb_posts .et_pb_post .life_blogv1_blog_content{width:100%;}\n} \n@media only screen and (max-width:767px){\n\n}\n\n<\/style><\/div>\n\t\t\t<\/div><div class=\"et_pb_module et_d4_element et_pb_fullwidth_code et_pb_fullwidth_code_1\">\n\t\t\t\t\n\t\t\t\t\n\t\t\t\t\n\t\t\t\t\n\t\t\t\t<div class=\"et_pb_code_inner\"><script>\njQuery(document).ready(function() {\n jQuery(\".life_blogv1_blog .et_pb_post\").each(function () {\n         jQuery(this).find(\".entry-title,.post-meta,.post-content\").wrapAll('<div class=\"life_blogv1_blog_content\"><\/div>');\n });\n     });\n\n<\/script><\/div>\n\t\t\t<\/div>\n\t\t\t\t\n\t\t\t\t\n\t\t\t<\/div><div class=\"et_d4_element et_pb_section et_pb_section_3  et_pb_css_mix_blend_mode et_section_regular et_block_section\" >\n\t\t\t\t\n\t\t\t\t\n\t\t\t\t\n\t\t\t\t\n\t\t\t\t\n\t\t\t\t\n\t\t\t\t<div class=\"et_d4_element et_pb_row et_pb_row_2  et_pb_css_mix_blend_mode et_block_row\">\n\t\t\t\t<div class=\"et_d4_element et_pb_column_4_4 et_pb_column et_pb_column_4  et_pb_css_mix_blend_mode et-last-child et_block_column\">\n\t\t\t\t\n\t\t\t\t\n\t\t\t\t\n\t\t\t\t\n\t\t\t\t<div class=\"et_pb_module et_d4_element et_pb_video_slider et_pb_video_slider_0\">\n\t\t\t\t\n\t\t\t\t\n\t\t\t\t\n\t\t\t\t\n\t\t\t\t<div class=\"et_pb_slider et_pb_preload et_pb_slider_carousel et_pb_slider_no_pagination et_pb_controls_\">\n\t\t\t\t\t<div class=\"et_pb_slides\">\n\t\t\t\t\t\t<div class=\"et_d4_element et_pb_video_slider_item_0 et_pb_slide et_pb_bg_layout_dark\" data-image=\"\/\/i.ytimg.com\/vi\/FkQuawiGWUw\/hqdefault.jpg\">\n\t\t\t\t<div class=\"et_pb_video_wrap\"><div class=\"et_pb_video_box\"><iframe loading=\"lazy\" title=\"Divi. The Ultimate WordPress Theme And Visual Page Builder\" width=\"1080\" height=\"608\" src=\"https:\/\/www.youtube.com\/embed\/FkQuawiGWUw?feature=oembed\"  allow=\"accelerometer; autoplay; clipboard-write; encrypted-media; gyroscope; picture-in-picture; web-share\" referrerpolicy=\"strict-origin-when-cross-origin\" allowfullscreen><\/iframe><\/div><div style=\"background-image:url(\/\/i.ytimg.com\/vi\/FkQuawiGWUw\/hqdefault.jpg)\" class=\"et_pb_video_overlay et_multi_view_hidden\"><div class=\"et_pb_video_overlay_hover\"><a href=\"#\" class=\"et_pb_video_play\"><\/a><\/div><\/div><\/div>\n\t\t\t<\/div>\n\t\t\t\n\t\t\t\t\t<\/div>\n\t\t\t\t<\/div>\n\t\t\t<\/div>\n\t\t\t\n\t\t\t<\/div>\n\t\t\t\t\n\t\t\t\t\n\t\t\t\t\n\t\t\t\t\n\t\t\t<\/div>\n\t\t\t\t\n\t\t\t\t\n\t\t\t<\/div><\/p>\n","protected":false},"excerpt":{"rendered":"","protected":false},"author":1,"featured_media":0,"parent":0,"menu_order":0,"comment_status":"closed","ping_status":"closed","template":"","meta":{"_et_pb_use_builder":"on","_et_pb_old_content":"","_et_gb_content_width":"","footnotes":""},"class_list":["post-262356","page","type-page","status-publish","hentry"],"jetpack_sharing_enabled":true,"_links":{"self":[{"href":"https:\/\/www.dactyloplus.fr\/index.php\/wp-json\/wp\/v2\/pages\/262356","targetHints":{"allow":["GET"]}}],"collection":[{"href":"https:\/\/www.dactyloplus.fr\/index.php\/wp-json\/wp\/v2\/pages"}],"about":[{"href":"https:\/\/www.dactyloplus.fr\/index.php\/wp-json\/wp\/v2\/types\/page"}],"author":[{"embeddable":true,"href":"https:\/\/www.dactyloplus.fr\/index.php\/wp-json\/wp\/v2\/users\/1"}],"replies":[{"embeddable":true,"href":"https:\/\/www.dactyloplus.fr\/index.php\/wp-json\/wp\/v2\/comments?post=262356"}],"version-history":[{"count":5,"href":"https:\/\/www.dactyloplus.fr\/index.php\/wp-json\/wp\/v2\/pages\/262356\/revisions"}],"predecessor-version":[{"id":262517,"href":"https:\/\/www.dactyloplus.fr\/index.php\/wp-json\/wp\/v2\/pages\/262356\/revisions\/262517"}],"wp:attachment":[{"href":"https:\/\/www.dactyloplus.fr\/index.php\/wp-json\/wp\/v2\/media?parent=262356"}],"curies":[{"name":"wp","href":"https:\/\/api.w.org\/{rel}","templated":true}]}}