{"id":262227,"date":"2025-08-29T21:10:29","date_gmt":"2025-08-29T19:10:29","guid":{"rendered":"http:\/\/www.dactyloplus.fr\/?page_id=262227"},"modified":"2025-08-29T21:22:45","modified_gmt":"2025-08-29T19:22:45","slug":"262227-2","status":"publish","type":"page","link":"https:\/\/www.dactyloplus.fr\/index.php\/262227-2\/","title":{"rendered":"GUIDANCE 2"},"content":{"rendered":"<p><div class=\"et_d4_element et_pb_section et_pb_section_0 et_pb_with_background  et_pb_css_mix_blend_mode et_section_regular section_has_divider et_pb_bottom_divider et_block_section\" >\n\t\t\t\t\n\t\t\t\t\n\t\t\t\t\n\t\t\t\t\n\t\t\t\t\n\t\t\t\t\n\t\t\t\t<div class=\"et_d4_element et_pb_row et_pb_row_0  et_pb_css_mix_blend_mode et_block_row\">\n\t\t\t\t<div class=\"et_d4_element et_pb_column_4_4 et_pb_column et_pb_column_0  et_pb_css_mix_blend_mode et-last-child et_block_column\">\n\t\t\t\t\n\t\t\t\t\n\t\t\t\t\n\t\t\t\t\n\t\t\t\t<div class=\"et_pb_module et_d4_element et_pb_text et_pb_text_0 et_animated  et_pb_text_align_center et_pb_bg_layout_dark\">\n\t\t\t\t\n\t\t\t\t\n\t\t\t\t\n\t\t\t\t\n\t\t\t\t<div class=\"et_pb_text_inner\"><h1>guidance<\/h1><\/div>\n\t\t\t<\/div>\n\t\t\t<\/div>\n\t\t\t\t\n\t\t\t\t\n\t\t\t\t\n\t\t\t\t\n\t\t\t<\/div>\n\t\t\t\t\n\t\t\t\t<div class=\"et_pb_bottom_inside_divider et-no-transition\"><\/div>\n\t\t\t<\/div><div class=\"et_d4_element et_pb_section et_pb_section_1 et_pb_with_background  et_pb_css_mix_blend_mode et_section_regular et_block_section\" >\n\t\t\t\t\n\t\t\t\t\n\t\t\t\t\n\t\t\t\t\n\t\t\t\t\n\t\t\t\t\n\t\t\t\t<div class=\"et_d4_element et_pb_row et_pb_row_1  et_pb_css_mix_blend_mode et_block_row\">\n\t\t\t\t<div class=\"et_d4_element et_pb_column_4_4 et_pb_column et_pb_column_1  et_pb_css_mix_blend_mode et-last-child et_block_column\">\n\t\t\t\t\n\t\t\t\t\n\t\t\t\t\n\t\t\t\t\n\t\t\t\t<div class=\"et_pb_module et_d4_element et_pb_divider_0 et_animated et_pb_space et_pb_divider_hidden\"><div class=\"et_pb_divider_internal\"><\/div><\/div><div class=\"et_pb_module et_d4_element et_pb_text et_pb_text_1 et_animated  et_pb_text_align_center et_pb_bg_layout_light\">\n\t\t\t\t\n\t\t\t\t\n\t\t\t\t\n\t\t\t\t\n\t\t\t\t<div class=\"et_pb_text_inner\"><p><span><span style=\"font-family: 'Cinzel Decorative'; font-weight: normal;\"><strong>Il ne tient qu'\u00e0 vous d'ouvrir la porte au fond du chemin<\/strong> <\/span><\/span><\/p>\n<p><span><strong><span style=\"font-family: 'Cinzel Decorative'; font-weight: normal;\">La lumi\u00e8re vous y attend<\/span><\/strong><\/span><\/p><\/div>\n\t\t\t<\/div>\n\t\t\t<\/div>\n\t\t\t\t\n\t\t\t\t\n\t\t\t\t\n\t\t\t\t\n\t\t\t<\/div><div class=\"et_d4_element et_pb_row et_pb_row_2  et_pb_css_mix_blend_mode et_block_row\">\n\t\t\t\t<div class=\"et_d4_element et_pb_column_4_4 et_pb_column et_pb_column_2  et_pb_css_mix_blend_mode et-last-child et_block_column\">\n\t\t\t\t\n\t\t\t\t\n\t\t\t\t\n\t\t\t\t\n\t\t\t\t<div class=\"et_pb_module et_d4_element et_pb_image et_pb_image_0\">\n\t\t\t\t\n\t\t\t\t\n\t\t\t\t\n\t\t\t\t\n\t\t\t\t<span class=\"et_pb_image_wrap \"><img loading=\"lazy\" decoding=\"async\" width=\"433\" height=\"286\" src=\"http:\/\/www.dactyloplus.fr\/wp-content\/uploads\/2025\/08\/cache_26137861-1.jpg\" alt=\"\" title=\"cache_26137861\" srcset=\"https:\/\/www.dactyloplus.fr\/wp-content\/uploads\/2025\/08\/cache_26137861-1.jpg 433w, https:\/\/www.dactyloplus.fr\/wp-content\/uploads\/2025\/08\/cache_26137861-1-300x198.jpg 300w\" sizes=\"(max-width: 433px) 100vw, 433px\" class=\"wp-image-262419\" \/><\/span>\n\t\t\t<\/div>\n\t\t\t<\/div>\n\t\t\t\t\n\t\t\t\t\n\t\t\t\t\n\t\t\t\t\n\t\t\t<\/div>\n\t\t\t\t\n\t\t\t\t\n\t\t\t<\/div><div class=\"et_d4_element et_pb_section et_pb_section_2  et_pb_css_mix_blend_mode et_section_regular section_has_divider et_pb_bottom_divider et_block_section\" >\n\t\t\t\t\n\t\t\t\t\n\t\t\t\t\n\t\t\t\t\n\t\t\t\t\n\t\t\t\t\n\t\t\t\t<div class=\"et_d4_element et_pb_row et_pb_row_3  et_pb_css_mix_blend_mode et_block_row\">\n\t\t\t\t<div class=\"et_d4_element et_pb_column_4_4 et_pb_column et_pb_column_3  et_pb_css_mix_blend_mode et-last-child et_block_column\">\n\t\t\t\t\n\t\t\t\t\n\t\t\t\t\n\t\t\t\t\n\t\t\t\t<div class=\"et_pb_module et_d4_element et_pb_text et_pb_text_2 et_animated  et_pb_text_align_left et_pb_bg_layout_light\">\n\t\t\t\t\n\t\t\t\t\n\t\t\t\t\n\t\t\t\t\n\t\t\t\t<div class=\"et_pb_text_inner\"><p><span><strong>Vous n'\u00eates pas seul \u00e0 bord, mais c'est votre navire que vous manoeuvrez et c'est vous qui \u00eates \u00e0 la barre<\/strong><\/span><\/p>\n<p>&nbsp;<\/p>\n<p><span>La guidance est un accompagnement lorsque vous traversez un moment de vie difficile, des changements impr\u00e9vus ou importants, une phase de remise en question au niveau personnel ou professionnel.<\/span><\/p>\n<ul>\n<li><span>Vous souhaitez\u00a0<strong>recontacter votre \u00c2me et votre \u00catre.<\/strong><\/span><\/li>\n<li><span><strong>Vous avez besoin d'aide pour \u00e9clairer vos sch\u00e9mas de fonctionnement afin de ne plus les r\u00e9p\u00e9ter et d'\u00e9voluer.<\/strong><\/span><\/li>\n<li><span><strong>Vous cherchez \u00e0 d\u00e9couvrir qui vous \u00eates v\u00e9ritablement.<\/strong>\u00a0Ce que vous souhaitez vivre et \u00e0 terme r\u00e9aliser ces envies.<\/span><\/li>\n<li><span><strong>Votre fatigue morale et\/ou physique vous p\u00e8se.<\/strong>\u00a0Il y a parfois des signes que nous envoient notre esprit, notre corps pour nous demander de faire une pause afin de savoir o\u00f9 l'on va.<\/span><span>\u00a0<\/span><span>Ces d\u00e9sagr\u00e9ments sont autant de petites alertes qui vous invitent \u00e0 vous repositionner dans une vie qui ne vous ressemble plus tellement.<\/span><\/li>\n<li><span>Vous en avez<\/span><span>\u00a0<\/span><span><strong>marre des th\u00e9rapies longues et pas efficaces<\/strong><\/span><span>\u00a0<\/span><span>? On sait juste quand \u00e7a commence mais on ne sait pas quand \u00e7a s'arr\u00eate, on ne sait pas combien \u00e7a va nous co\u00fbter, on sait pas si il y aura du r\u00e9sultat et lequel !<\/span><\/li>\n<\/ul>\n<pre><span><strong>C'est tout l'int\u00e9r\u00eat de cette Guidance<\/strong><\/span><\/pre><\/div>\n\t\t\t<\/div><div class=\"et_pb_module et_d4_element et_pb_divider_1 et_animated et_pb_space et_pb_divider_hidden\"><div class=\"et_pb_divider_internal\"><\/div><\/div>\n\t\t\t<\/div>\n\t\t\t\t\n\t\t\t\t\n\t\t\t\t\n\t\t\t\t\n\t\t\t<\/div>\n\t\t\t\t\n\t\t\t\t<div class=\"et_pb_bottom_inside_divider et-no-transition\"><\/div>\n\t\t\t<\/div><div class=\"et_d4_element et_pb_section et_pb_section_3 et_pb_with_background  et_pb_css_mix_blend_mode et_section_regular et_block_section\" >\n\t\t\t\t\n\t\t\t\t\n\t\t\t\t\n\t\t\t\t\n\t\t\t\t\n\t\t\t\t\n\t\t\t\t<div class=\"et_d4_element et_pb_row et_pb_row_4 et_pb_row_fullwidth  et_pb_css_mix_blend_mode et_block_row\">\n\t\t\t\t<div class=\"et_d4_element et_pb_column_4_4 et_pb_column et_pb_column_4  et_pb_css_mix_blend_mode et-last-child et_block_column\">\n\t\t\t\t\n\t\t\t\t\n\t\t\t\t\n\t\t\t\t\n\t\t\t\t<div class=\"et_pb_module et_d4_element et_pb_text et_pb_text_3 et_animated  et_pb_text_align_left et_pb_bg_layout_light\">\n\t\t\t\t\n\t\t\t\t\n\t\t\t\t\n\t\t\t\t\n\t\t\t\t<div class=\"et_pb_text_inner\"><h2 style=\"text-align: center;\"><span class=\"diyfeDecoration\">Modalit\u00e9s et conditions<\/span><\/h2><\/div>\n\t\t\t<\/div><div class=\"et_pb_module et_d4_element et_pb_text et_pb_text_4 et_animated  et_pb_text_align_left et_pb_bg_layout_light\">\n\t\t\t\t\n\t\t\t\t\n\t\t\t\t\n\t\t\t\t\n\t\t\t\t<div class=\"et_pb_text_inner\"><div class=\"n module-type-header diyfeLiveArea \">\n<h2><strong style=\"font-size: 16px;\">Cette prestation<\/strong><span style=\"font-size: 16px;\">\u00a0<\/span><strong style=\"font-size: 16px;\">de Guidance<\/strong><span style=\"font-size: 16px;\">\u00a0est une th\u00e9rapie\u00a0mais plus\u00a0<\/span><strong style=\"font-size: 16px;\">condens\u00e9e dans le temps\u00a0 :<\/strong><\/h2>\n<\/div>\n<div class=\"n module-type-text diyfeLiveArea \">\n<p><span><strong>un suivi quotidien par\u00a0<u>ECHANGE DE MAILS<\/u>\u00a0pendant\u00a0 21 jours.<\/strong><\/span><\/p>\n<p><span>Toutefois, soyez conscient que les modifications dans sa mani\u00e8re de vivre doivent venir de l'int\u00e9rieur, dict\u00e9s par la n\u00e9cessit\u00e9 pour soi de se mettre en ad\u00e9quation avec son \u00e2me.<\/span><\/p>\n<p><span><strong>Le v\u00e9ritable changement ne peut avoir lieu que si celui qui souffre, qui ressent un mal-\u00eatre s'implique dans le processus de gu\u00e9rison.<\/strong><\/span><span>\u00a0<\/span><span>Il ne saurait en \u00eatre autrement pour pouvoir pleinement avancer, faire face puis d\u00e9passer ces \u00e9preuves, ces difficult\u00e9s qui s'encha\u00eenent, ces incompr\u00e9hensions qui jalonnent votre vie.<\/span><\/p>\n<p><span>En somme, s'il peut \u00eatre b\u00e9n\u00e9fique de se lancer dans un travail sur soi, cela peut aussi s'av\u00e9rer douloureux.<\/span><\/p>\n<p><span>En effet, cette guidance aborde des points comme la connaissance de son enfant int\u00e9rieur, le d\u00e9cryptage socio-relationnel et psycho-affectif de votre \u00eatre et de ceux qui vous entourent. Ces d\u00e9couvertes n\u00e9cessitent bien des acceptations, des renoncements et parfois des d\u00e9sillusions.<\/span><\/p>\n<p><span><strong>L'objectif<\/strong>\u00a0que vous vous \u00eates fix\u00e9s n\u00e9cessitera de\u00a0<strong>faire tomber des barri\u00e8res, de d\u00e9nouer des noeuds<\/strong>\u00a0(parfois karmiques)\u00a0<strong>et de lib\u00e9rer vos blocages \u00e9motionnels.<\/strong>\u00a0Mon \u00e9clairage et nos \u00e9changes doivent vous aider \u00e0 rester debout, avoir une main que l'on tient pour ne pas tomber et des yeux qui voient au loin l'embellie qui se pr\u00e9pare...<\/span><\/p>\n<\/div><\/div>\n\t\t\t<\/div>\n\t\t\t<\/div>\n\t\t\t\t\n\t\t\t\t\n\t\t\t\t\n\t\t\t\t\n\t\t\t<\/div>\n\t\t\t\t\n\t\t\t\t\n\t\t\t<\/div><div class=\"et_d4_element et_pb_section et_pb_section_4 et_pb_with_background  et_pb_css_mix_blend_mode et_section_regular et_block_section\" >\n\t\t\t\t\n\t\t\t\t\n\t\t\t\t\n\t\t\t\t\n\t\t\t\t\n\t\t\t\t\n\t\t\t\t<div class=\"et_d4_element et_pb_row et_pb_row_5 et_pb_row_fullwidth  et_pb_css_mix_blend_mode et_block_row\">\n\t\t\t\t<div class=\"et_d4_element et_pb_column_4_4 et_pb_column et_pb_column_5  et_pb_css_mix_blend_mode et-last-child et_block_column\">\n\t\t\t\t\n\t\t\t\t\n\t\t\t\t\n\t\t\t\t\n\t\t\t\t<div class=\"et_pb_module et_d4_element et_pb_text et_pb_text_5 et_animated  et_pb_text_align_center et_pb_bg_layout_light\">\n\t\t\t\t\n\t\t\t\t\n\t\t\t\t\n\t\t\t\t\n\t\t\t\t<div class=\"et_pb_text_inner\"><p style=\"text-align: center;\">Tarifs<\/p><\/div>\n\t\t\t<\/div><div class=\"et_pb_module et_d4_element et_pb_text et_pb_text_6 et_animated  et_pb_text_align_left et_pb_bg_layout_light\">\n\t\t\t\t\n\t\t\t\t\n\t\t\t\t\n\t\t\t\t\n\t\t\t\t<div class=\"et_pb_text_inner\"><div class=\"n module-type-header diyfeLiveArea \"><\/div>\n<div class=\"n module-type-header diyfeLiveArea \"><\/div>\n<div class=\"n module-type-header diyfeLiveArea \">\n<p style=\"text-align: center;\"><span>Le tarif\u00a0<strong>se justifie \u00e0 la fois au vu <\/strong><\/span><strong>du temps\u00a0que je consacre vraiment \u00e0 chacun<\/strong><\/p>\n<p style=\"text-align: center;\"><span>1 \u00e0 2 heures par jour<\/span><\/p>\n<p style=\"text-align: center;\">\n<p style=\"text-align: center;\"><span><strong>et<\/strong>\u00a0<strong>des r\u00e9sultats<\/strong><\/span><\/p>\n<p style=\"text-align: center;\"><span>Beaucoup m'ont indiqu\u00e9e qu'ils ont eu\u00a0<strong>+ de r\u00e9sultats<\/strong>\u00a0et\u00a0<strong>+ de prises de conscience<\/strong> qu'en plusieurs ann\u00e9es de th\u00e9rapie ou avec n'importe quel autre th\u00e9rapeute !<\/span><\/p>\n<h2 style=\"text-align: center;\"><span>\u2606\u00a0\u2606\u00a0\u2606<\/span><\/h2>\n<p style=\"text-align: center;\"><span><strong>Une s\u00e9ance d'une seule heure avec un th\u00e9rapeute co\u00fbte en moyenne entre 60 et 100 euros<\/strong><\/span><\/p>\n<p style=\"text-align: center;\"><span>en fonction des r\u00e9gions et des th\u00e9rapeutes<\/span><\/p>\n<p style=\"text-align: center;\">\n<p style=\"text-align: center;\"><span><strong>Si on compte une moyenne de 80 euros x 21 jours<\/strong><\/span><\/p>\n<p style=\"text-align: center;\"><span><strong>= 1680 euros<\/strong><\/span><\/p>\n<p style=\"text-align: center;\">\n<p style=\"text-align: center;\"><span>Ici\u00a0le co\u00fbt se situe bien en-de\u00e7a\u00a0pour\u00a0des r\u00e9sultats\u00a0la plupart du temps\u00a0bien plus efficaces\u00a0selon tous les retours que je re\u00e7ois<\/span><\/p>\n<p style=\"text-align: center;\"><span><span style=\"text-decoration: line-through;\"><strong>1680 euros<\/strong><\/span><\/span><\/p>\n<p style=\"text-align: center;\"><span>\u2605\u00a0<strong>888 euros<\/strong>\u00a0\u2605<\/span><\/p>\n<\/div><\/div>\n\t\t\t<\/div><div class=\"et_pb_button_module_wrapper et_pb_button_0_wrapper et_pb_button_alignment_center et_pb_module \">\n\t\t\t\t<a class=\"et_pb_button et_d4_element et_pb_button_0 et_animated et_hover_enabled et_pb_bg_layout_light et_block_module\" href=\"\">Acheter en conscience<\/a>\n\t\t\t<\/div>\n\t\t\t<\/div>\n\t\t\t\t\n\t\t\t\t\n\t\t\t\t\n\t\t\t\t\n\t\t\t<\/div>\n\t\t\t\t\n\t\t\t\t\n\t\t\t<\/div><div class=\"et_d4_element et_pb_section et_pb_section_5 et_pb_with_background et_pb_section_parallax  et_pb_css_mix_blend_mode et_section_regular et_block_section\" >\n\t\t\t\t\n\t\t\t\t\n\t\t\t\t\n\t\t\t\t\n\t\t\t\t\n\t\t\t\t\n\t\t\t\t<div class=\"et_d4_element et_pb_row et_pb_row_6  et_pb_css_mix_blend_mode et_block_row\">\n\t\t\t\t<div class=\"et_d4_element et_pb_column_4_4 et_pb_column et_pb_column_6  et_pb_css_mix_blend_mode et-last-child et_block_column\">\n\t\t\t\t\n\t\t\t\t\n\t\t\t\t\n\t\t\t\t\n\t\t\t\t<div class=\"et_pb_module et_d4_element et_pb_text et_pb_text_7 et_animated  et_pb_text_align_justified et_pb_bg_layout_dark\">\n\t\t\t\t\n\t\t\t\t\n\t\t\t\t\n\t\t\t\t\n\t\t\t\t<div class=\"et_pb_text_inner\"><p><span style=\"color: rgba(255, 237, 237, 0.87);\"><strong>Cette prestation vous conviendra si<\/strong>\u00a0:<\/span><\/p>\n<ul>\n<li><span style=\"color: rgba(255, 237, 237, 0.87);\">vous ressentez la n\u00e9cessit\u00e9 d'un soutien quotidien dans votre d\u00e9marche de changement,\u00a0 les \u00e9preuves que vous traversez<\/span><\/li>\n<li><span style=\"color: rgba(255, 237, 237, 0.87);\">vous \u00eates dans une d\u00e9marche de d\u00e9veloppement personnel<\/span><\/li>\n<li><span style=\"color: rgba(255, 237, 237, 0.87);\">vous avez besoin d'un accompagnement \u00e0 distance (vous n'avez pas le temps de vous rendre dans un cabinet de th\u00e9rapie ou vos horaires ne le permettent pas)<\/span><\/li>\n<li><span style=\"color: rgba(255, 237, 237, 0.87);\">vous \u00eates \u00e0 l'aise avec l'\u00e9crit ou vous vous livrez plus facilement que lorsque vous avez quelqu'un face \u00e0 vous<\/span><\/li>\n<li><span style=\"color: rgba(255, 237, 237, 0.87);\">vous souhaitez que la\u00a0<strong>th\u00e9rapie engag\u00e9e soit courte mais<\/strong>\u00a0suffisamment intense pour\u00a0<strong>conna\u00eetre une \u00e9volution rapide et significative<\/strong>\u00a0dans votre vie<\/span><\/li>\n<\/ul>\n<p><span style=\"color: rgba(255, 237, 237, 0.87);\"><i>La prestation d'oniromancie (interpr\u00e9tation de vos r\u00eaves) est comprise.<\/i>\u00a0<i>Il est probable que vous ayez des exercices \u00e0 r\u00e9aliser de votre c\u00f4t\u00e9 (port de cristal, acte d'\u00e9criture lib\u00e9ratoire ou pour aider la r\u00e9miniscence de souvenirs, lecture, vid\u00e9o, m\u00e9ditation ou visualisation...)<\/i><\/span><\/p><\/div>\n\t\t\t<\/div><div class=\"et_pb_button_module_wrapper et_pb_button_1_wrapper et_pb_button_alignment_center et_pb_module \">\n\t\t\t\t<a class=\"et_pb_button et_d4_element et_pb_button_1 et_animated et_hover_enabled et_pb_bg_layout_light et_block_module\" href=\"#\">Je me lance<\/a>\n\t\t\t<\/div>\n\t\t\t<\/div>\n\t\t\t\t\n\t\t\t\t\n\t\t\t\t\n\t\t\t\t\n\t\t\t<\/div>\n\t\t\t\t\n\t\t\t\t\n\t\t\t<\/div><div class=\"et_d4_element et_pb_section et_pb_section_6 et_pb_with_background  et_pb_css_mix_blend_mode et_section_regular et_block_section\" >\n\t\t\t\t\n\t\t\t\t\n\t\t\t\t\n\t\t\t\t\n\t\t\t\t\n\t\t\t\t\n\t\t\t\t<div class=\"et_d4_element et_pb_row et_pb_row_7  et_pb_css_mix_blend_mode et_block_row\">\n\t\t\t\t<div class=\"et_d4_element et_pb_column_4_4 et_pb_column et_pb_column_7  et_pb_css_mix_blend_mode et-last-child et_block_column\">\n\t\t\t\t\n\t\t\t\t\n\t\t\t\t\n\t\t\t\t\n\t\t\t\t<div class=\"et_pb_module et_d4_element et_pb_text et_pb_text_8 et_animated  et_pb_text_align_left et_pb_bg_layout_light\">\n\t\t\t\t\n\t\t\t\t\n\t\t\t\t\n\t\t\t\t\n\t\t\t\t<div class=\"et_pb_text_inner\"><h2>T\u00e9moignages consultants<\/h2><\/div>\n\t\t\t<\/div><div class=\"et_pb_module et_d4_element et_pb_divider_2 et_animated et_pb_space et_pb_divider_hidden\"><div class=\"et_pb_divider_internal\"><\/div><\/div>\n\t\t\t<\/div>\n\t\t\t\t\n\t\t\t\t\n\t\t\t\t\n\t\t\t\t\n\t\t\t<\/div><div class=\"et_d4_element et_pb_row et_pb_row_8  et_pb_css_mix_blend_mode et_block_row\">\n\t\t\t\t<div class=\"et_d4_element et_pb_column_4_4 et_pb_column et_pb_column_8  et_pb_css_mix_blend_mode et-last-child et_block_column\">\n\t\t\t\t\n\t\t\t\t\n\t\t\t\t\n\t\t\t\t\n\t\t\t\t<div class=\"et_pb_module et_d4_element et_pb_slider et_pb_slider_0 et_animated et_pb_slider_fullwidth_off\">\n\t\t\t\t<div class=\"et_pb_slides\">\n\t\t\t\t\t<div class=\"et_d4_element et_pb_slide et_pb_slide_0  et_pb_css_mix_blend_mode et_pb_bg_layout_light et_pb_media_alignment_center et-pb-active-slide\" data-slide-id=\"et_pb_slide_0\">\n\t\t\t\t\n\t\t\t\t\n\t\t\t\t<div class=\"et_pb_container clearfix\">\n\t\t\t\t\t<div class=\"et_pb_slider_container_inner\">\n\t\t\t\t\t\t\n\t\t\t\t\t\t<div class=\"et_pb_slide_description\">\n\t\t\t\t\t\t\t<h2 class=\"et_pb_slide_title\">Aliquam vehicula nunc facilisis tincidunt feugiat. Pellentesque sed viverra nisi. Fusce et laoreet augue. Quisque pretium, felis at volutpat rhoncus, ligula lectus semper urna.<\/h2><div class=\"et_pb_slide_content\"><strong>Jhon Smith<\/strong>, CEO @ Labib Digital Studio<\/div>\n\t\t\t\t\t\t\t\n\t\t\t\t\t\t<\/div>\n\t\t\t\t\t<\/div>\n\t\t\t\t<\/div>\n\t\t\t\t\n\t\t\t\t\n\t\t\t\t\n\t\t\t<\/div>\n\t\t\t<div class=\"et_d4_element et_pb_slide et_pb_slide_1  et_pb_css_mix_blend_mode et_pb_bg_layout_light et_pb_media_alignment_center\" data-slide-id=\"et_pb_slide_1\">\n\t\t\t\t\n\t\t\t\t\n\t\t\t\t<div class=\"et_pb_container clearfix\">\n\t\t\t\t\t<div class=\"et_pb_slider_container_inner\">\n\t\t\t\t\t\t\n\t\t\t\t\t\t<div class=\"et_pb_slide_description\">\n\t\t\t\t\t\t\t<h2 class=\"et_pb_slide_title\">Duis tristique pretium nunc, eget imperdiet tortor auctor et. Mauris porttitor mollis metus at sollicitudin. Etiam id bibendum ipsum. Proin molestie, velit eget euismod rhoncus.<\/h2><div class=\"et_pb_slide_content\"><strong>Jhon Smith<\/strong>, CEO @ Labib Digital Studio<\/div>\n\t\t\t\t\t\t\t\n\t\t\t\t\t\t<\/div>\n\t\t\t\t\t<\/div>\n\t\t\t\t<\/div>\n\t\t\t\t\n\t\t\t\t\n\t\t\t\t\n\t\t\t<\/div>\n\t\t\t<div class=\"et_d4_element et_pb_slide et_pb_slide_2  et_pb_css_mix_blend_mode et_pb_bg_layout_light et_pb_media_alignment_center\" data-slide-id=\"et_pb_slide_2\">\n\t\t\t\t\n\t\t\t\t\n\t\t\t\t<div class=\"et_pb_container clearfix\">\n\t\t\t\t\t<div class=\"et_pb_slider_container_inner\">\n\t\t\t\t\t\t\n\t\t\t\t\t\t<div class=\"et_pb_slide_description\">\n\t\t\t\t\t\t\t<h2 class=\"et_pb_slide_title\">Fusce in sapien sit amet lectus iaculis porttitor ac at magna. Proin at lectus tincidunt ante dapibus rhoncus. Maecenas eget ornare ipsum. Sed quis consequat lorem.<\/h2><div class=\"et_pb_slide_content\"><strong>Thomson Polan<\/strong>, CEO @ Caramal Digital Studio<\/div>\n\t\t\t\t\t\t\t\n\t\t\t\t\t\t<\/div>\n\t\t\t\t\t<\/div>\n\t\t\t\t<\/div>\n\t\t\t\t\n\t\t\t\t\n\t\t\t\t\n\t\t\t<\/div>\n\t\t\t\n\t\t\t\t<\/div>\n\t\t\t\t\n\t\t\t<\/div>\n\t\t\t\n\t\t\t<\/div>\n\t\t\t\t\n\t\t\t\t\n\t\t\t\t\n\t\t\t\t\n\t\t\t<\/div>\n\t\t\t\t\n\t\t\t\t\n\t\t\t<\/div><\/p>\n","protected":false},"excerpt":{"rendered":"","protected":false},"author":1,"featured_media":0,"parent":0,"menu_order":0,"comment_status":"closed","ping_status":"closed","template":"","meta":{"_et_pb_use_builder":"on","_et_pb_old_content":"","_et_gb_content_width":"","footnotes":""},"class_list":["post-262227","page","type-page","status-publish","hentry"],"jetpack_sharing_enabled":true,"_links":{"self":[{"href":"https:\/\/www.dactyloplus.fr\/index.php\/wp-json\/wp\/v2\/pages\/262227","targetHints":{"allow":["GET"]}}],"collection":[{"href":"https:\/\/www.dactyloplus.fr\/index.php\/wp-json\/wp\/v2\/pages"}],"about":[{"href":"https:\/\/www.dactyloplus.fr\/index.php\/wp-json\/wp\/v2\/types\/page"}],"author":[{"embeddable":true,"href":"https:\/\/www.dactyloplus.fr\/index.php\/wp-json\/wp\/v2\/users\/1"}],"replies":[{"embeddable":true,"href":"https:\/\/www.dactyloplus.fr\/index.php\/wp-json\/wp\/v2\/comments?post=262227"}],"version-history":[{"count":3,"href":"https:\/\/www.dactyloplus.fr\/index.php\/wp-json\/wp\/v2\/pages\/262227\/revisions"}],"predecessor-version":[{"id":262421,"href":"https:\/\/www.dactyloplus.fr\/index.php\/wp-json\/wp\/v2\/pages\/262227\/revisions\/262421"}],"wp:attachment":[{"href":"https:\/\/www.dactyloplus.fr\/index.php\/wp-json\/wp\/v2\/media?parent=262227"}],"curies":[{"name":"wp","href":"https:\/\/api.w.org\/{rel}","templated":true}]}}