{"id":262209,"date":"2025-08-17T21:19:31","date_gmt":"2025-08-17T19:19:31","guid":{"rendered":"http:\/\/www.dactyloplus.fr\/?page_id=262209"},"modified":"2025-08-18T16:38:44","modified_gmt":"2025-08-18T14:38:44","slug":"accompagnement-holistique","status":"publish","type":"page","link":"https:\/\/www.dactyloplus.fr\/index.php\/accompagnement-holistique\/","title":{"rendered":"Initiation aux dons et \u00e0 la spiritualit\u00e9"},"content":{"rendered":"<p><div class=\"et_d4_element et_pb_section et_pb_section_0 et_pb_with_background  et_pb_css_mix_blend_mode et_section_regular et_block_section\" >\n\t\t\t\t\n\t\t\t\t\n\t\t\t\t\n\t\t\t\t\n\t\t\t\t\n\t\t\t\t\n\t\t\t\t<div class=\"et_d4_element et_pb_row et_pb_row_0  et_pb_css_mix_blend_mode et_block_row\">\n\t\t\t\t<div class=\"et_d4_element et_pb_column_4_4 et_pb_column et_pb_column_0  et_pb_css_mix_blend_mode et-last-child et_block_column\">\n\t\t\t\t\n\t\t\t\t\n\t\t\t\t\n\t\t\t\t\n\t\t\t\t<div class=\"et_pb_module et_d4_element et_pb_text et_pb_text_0  et_pb_text_align_center et_pb_bg_layout_light\">\n\t\t\t\t\n\t\t\t\t\n\t\t\t\t\n\t\t\t\t\n\t\t\t\t<div class=\"et_pb_text_inner\"><h1>Initiation aux dons<\/h1>\n<h1>et \u00e0 la spiritualit\u00e9<\/h1><\/div>\n\t\t\t<\/div>\n\t\t\t<\/div>\n\t\t\t\t\n\t\t\t\t\n\t\t\t\t\n\t\t\t\t\n\t\t\t<\/div>\n\t\t\t\t\n\t\t\t\t\n\t\t\t<\/div><div class=\"et_d4_element et_pb_section et_pb_section_1  et_pb_css_mix_blend_mode et_section_regular et_block_section\" >\n\t\t\t\t\n\t\t\t\t\n\t\t\t\t\n\t\t\t\t\n\t\t\t\t\n\t\t\t\t\n\t\t\t\t<div class=\"et_d4_element et_pb_row et_pb_row_1  et_pb_css_mix_blend_mode et_block_row\">\n\t\t\t\t<div class=\"et_d4_element et_pb_column_4_4 et_pb_column et_pb_column_1  et_pb_css_mix_blend_mode et-last-child et_block_column\">\n\t\t\t\t\n\t\t\t\t\n\t\t\t\t\n\t\t\t\t\n\t\t\t\t<div class=\"et_pb_module et_d4_element et_pb_text et_pb_text_1  et_pb_text_align_left et_pb_bg_layout_light\">\n\t\t\t\t\n\t\t\t\t\n\t\t\t\t\n\t\t\t\t\n\t\t\t\t<div class=\"et_pb_text_inner\"><h2><span><strong>Pour qui est cette prestation ?<\/strong><\/span><\/h2><\/div>\n\t\t\t<\/div>\n\t\t\t<\/div>\n\t\t\t\t\n\t\t\t\t\n\t\t\t\t\n\t\t\t\t\n\t\t\t<\/div>\n\t\t\t\t\n\t\t\t\t\n\t\t\t<\/div><div class=\"et_d4_element et_pb_section et_pb_section_2  et_pb_css_mix_blend_mode et_section_regular et_block_section\" >\n\t\t\t\t\n\t\t\t\t\n\t\t\t\t\n\t\t\t\t\n\t\t\t\t\n\t\t\t\t\n\t\t\t\t<div class=\"et_d4_element et_pb_row et_pb_row_2  et_pb_css_mix_blend_mode et_block_row\">\n\t\t\t\t<div class=\"et_d4_element et_pb_column_4_4 et_pb_column et_pb_column_2  et_pb_css_mix_blend_mode et-last-child et_block_column\">\n\t\t\t\t\n\t\t\t\t\n\t\t\t\t\n\t\t\t\t\n\t\t\t\t<div class=\"et_pb_module et_d4_element et_pb_text et_pb_text_2  et_pb_text_align_left et_pb_bg_layout_light\">\n\t\t\t\t\n\t\t\t\t\n\t\t\t\t\n\t\t\t\t\n\t\t\t\t<div class=\"et_pb_text_inner\"><ul>\n<li><span>Vous souhaitez vous ouvrir \u00e0 la spiritualit\u00e9, \u00e0 votre propre Divinit\u00e9 et \u00e0 l'Univers qui vous entoure<\/span><\/li>\n<\/ul>\n<ul>\n<li><span>Vous avez des capacit\u00e9s et avez besoin qu'on vous guide sur ce chemin<\/span><\/li>\n<\/ul>\n<ul>\n<li>Vous ressentez que vous avez des capacit\u00e9s particuli\u00e8res, vous avez besoin qu'on vous aide \u00e0 comprendre, qu'on vous guide sur ce chemin, vers la d\u00e9couverte de vous-m\u00eames et de votre ou vos don(s) ?<\/li>\n<\/ul>\n<ul>\n<li><span>Vous ressentez l'envie ou le besoin de vous ouvrir \u00e0 la spiritualit\u00e9 mais ne savez pas comment vous y prendre ou quoi faire ?<\/span><\/li>\n<\/ul>\n<ul>\n<li>Ou encore, vous avez le sentiment de ne plus \u00e9voluer dans votre vie spirituelle, vous aimeriez atteindre un autre niveau de conscience, acc\u00e9der \u00e0 de nouvelles connaissances ?<\/li>\n<\/ul>\n<p>&nbsp;<\/p><\/div>\n\t\t\t<\/div>\n\t\t\t<\/div>\n\t\t\t\t\n\t\t\t\t\n\t\t\t\t\n\t\t\t\t\n\t\t\t<\/div>\n\t\t\t\t\n\t\t\t\t\n\t\t\t<\/div><div class=\"et_d4_element et_pb_section et_pb_section_3 et_animated et_pb_with_background  et_pb_css_mix_blend_mode et_section_regular et_block_section\" >\n\t\t\t\t\n\t\t\t\t\n\t\t\t\t\n\t\t\t\t\n\t\t\t\t\n\t\t\t\t\n\t\t\t\t<div class=\"et_d4_element et_pb_row et_pb_row_3  et_pb_css_mix_blend_mode et_block_row\">\n\t\t\t\t<div class=\"et_d4_element et_pb_column_4_4 et_pb_column et_pb_column_3  et_pb_css_mix_blend_mode et-last-child et_block_column\">\n\t\t\t\t\n\t\t\t\t\n\t\t\t\t\n\t\t\t\t\n\t\t\t\t<div class=\"et_pb_module et_d4_element et_pb_text et_pb_text_3  et_pb_text_align_left et_pb_bg_layout_light\">\n\t\t\t\t\n\t\t\t\t\n\t\t\t\t\n\t\t\t\t\n\t\t\t\t<div class=\"et_pb_text_inner\"><p>Parfois je re\u00e7ois des personnes qui ont eu un d\u00e9but d'\u00e9veil spirituel, d'autres ont d\u00e9j\u00e0 des dons bien affirm\u00e9s mais des nouveaux pointent le bout de leur nez et ne sont pas aussi simples que les premiers \u00e0 g\u00e9rer. D'autres fois, les dons sont apparus tr\u00e8s t\u00f4t mais on n'arrive plus \u00e0 concilier vie personnelle ou professionnelle avec cette spiritualit\u00e9, ou alors chez certains les dons apparaissent tardivement et c'est un vrai chamboulement qui n\u00e9cessite qu'un tiers puisse voir l'horizon qui s'ouvre \u00e0 vous pendant que vous \u00eates le nez dans le guidon \u00e0 tenir tant bien que mal en \u00e9quilibre.<\/p><\/div>\n\t\t\t<\/div>\n\t\t\t<\/div>\n\t\t\t\t\n\t\t\t\t\n\t\t\t\t\n\t\t\t\t\n\t\t\t<\/div>\n\t\t\t\t\n\t\t\t\t\n\t\t\t<\/div><div class=\"et_d4_element et_pb_section et_pb_section_4  et_pb_css_mix_blend_mode et_section_regular et_block_section\" >\n\t\t\t\t\n\t\t\t\t\n\t\t\t\t\n\t\t\t\t\n\t\t\t\t\n\t\t\t\t\n\t\t\t\t<div class=\"et_d4_element et_pb_row et_pb_row_4  et_pb_css_mix_blend_mode et_block_row\">\n\t\t\t\t<div class=\"et_d4_element et_pb_column_4_4 et_pb_column et_pb_column_4  et_pb_css_mix_blend_mode et-last-child et_block_column\">\n\t\t\t\t\n\t\t\t\t\n\t\t\t\t\n\t\t\t\t\n\t\t\t\t<div class=\"et_pb_module et_d4_element et_pb_icon et_pb_icon_0\">\n\t\t\t\t<span class=\"et_pb_icon_wrap \"><span class=\"et-pb-icon\">\uf3a5<\/span><\/span>\n\t\t\t<\/div><div class=\"et_pb_module et_d4_element et_pb_text et_pb_text_4  et_pb_text_align_center et_pb_bg_layout_light\">\n\t\t\t\t\n\t\t\t\t\n\t\t\t\t\n\t\t\t\t\n\t\t\t\t<div class=\"et_pb_text_inner\"><p>Je vous offre un espace de parole s\u00e9curisant et des conseils pratiques pour que vous puissiez accepter ce que vous \u00eates et vivre sereinement vos propres exp\u00e9riences...<\/p><\/div>\n\t\t\t<\/div>\n\t\t\t<\/div>\n\t\t\t\t\n\t\t\t\t\n\t\t\t\t\n\t\t\t\t\n\t\t\t<\/div>\n\t\t\t\t\n\t\t\t\t\n\t\t\t<\/div><div class=\"et_d4_element et_pb_section et_pb_section_5  et_pb_css_mix_blend_mode et_section_regular et_block_section\" >\n\t\t\t\t\n\t\t\t\t\n\t\t\t\t\n\t\t\t\t\n\t\t\t\t\n\t\t\t\t\n\t\t\t\t<div class=\"et_d4_element et_pb_row et_pb_row_5  et_pb_css_mix_blend_mode et_block_row\">\n\t\t\t\t<div class=\"et_d4_element et_pb_column_4_4 et_pb_column et_pb_column_5  et_pb_css_mix_blend_mode et-last-child et_block_column\">\n\t\t\t\t\n\t\t\t\t\n\t\t\t\t\n\t\t\t\t\n\t\t\t\t<div class=\"et_pb_module et_d4_element et_pb_text et_pb_text_5  et_pb_text_align_center et_pb_bg_layout_light\">\n\t\t\t\t\n\t\t\t\t\n\t\t\t\t\n\t\t\t\t\n\t\t\t\t<div class=\"et_pb_text_inner\"><p><strong><img loading=\"lazy\" decoding=\"async\" src=\"http:\/\/www.dactyloplus.fr\/wp-content\/uploads\/2025\/07\/cache_67989743.png\" width=\"111\" height=\"96\" alt=\"\" class=\"wp-image-261993 alignnone size-full\" \/><\/strong><\/p>\n<div class=\"n module-type-text diyfeLiveArea \">\n<p><span><strong>Mode d'emploi, explications ci-dessous<\/strong><\/span><\/p>\n<p>&nbsp;<\/p>\n<p><span><strong>!!!<\/strong>\u00a0BIEN LIRE\u00a0<strong>EN ENTIER<\/strong>\u00a0CETTE PAGE\u00a0<strong>!!!<\/strong><\/span><\/p>\n<p><span>AVANT DE ME CONTACTER, MERCI<\/span><\/p>\n<p>&nbsp;<\/p>\n<p>afin de respecter mon mode de fonctionnement et de faire votre demande en conscience<\/p>\n<\/div>\n<div class=\"n module-type-text diyfeLiveArea \">\n<h2>modalit\u00e9s et conditions<\/h2>\n<p><span>La prestation d'Initiation a lieu \u00e0 distance, par \u00e9change de mails, durant un cycle de 4 \u00e0 8 semaines (en fonction de la quantit\u00e9 de nos \u00e9changes individuels) au\u00a0<strong>tarif de 444 euros<\/strong>. En effet, l'Initiation se divise en 2 parties :<\/span><\/p>\n<p>&nbsp;<\/p>\n<ul>\n<li><span><strong>Il y a la partie collective.<\/strong><\/span><span>\u00a0<\/span><span><strong>Je fais des envois collectifs r\u00e9guli\u00e8rement,<\/strong><\/span><span>\u00a0<\/span><span>libre ensuite de me faire ou non des retours de pratique ou de vos questions en fonction de ce que j'envoie. \u00c9videmment, plus on s'investit et qu'on me fait des retours r\u00e9guliers, plus l'apprentissage est rapide et se fait de mani\u00e8re plus approfondie.\u00a0<strong>Il y a \u00e9galement des lives de groupe<\/strong>,\u00a03 par cycle d'Initiation<\/span>.<\/li>\n<\/ul>\n<\/div><\/div>\n\t\t\t<\/div>\n\t\t\t<\/div>\n\t\t\t\t\n\t\t\t\t\n\t\t\t\t\n\t\t\t\t\n\t\t\t<\/div>\n\t\t\t\t\n\t\t\t\t\n\t\t\t<\/div><div class=\"et_d4_element et_pb_section et_pb_section_6 et_pb_with_background  et_pb_css_mix_blend_mode et_section_regular et_block_section\" >\n\t\t\t\t\n\t\t\t\t\n\t\t\t\t\n\t\t\t\t\n\t\t\t\t\n\t\t\t\t\n\t\t\t\t<div class=\"et_d4_element et_pb_row et_pb_row_6  et_pb_css_mix_blend_mode et_block_row\">\n\t\t\t\t<div class=\"et_d4_element et_pb_column_4_4 et_pb_column et_pb_column_6  et_pb_css_mix_blend_mode et-last-child et_block_column\">\n\t\t\t\t\n\t\t\t\t\n\t\t\t\t\n\t\t\t\t\n\t\t\t\t<div class=\"et_pb_module et_d4_element et_pb_text et_pb_text_6  et_pb_text_align_left et_pb_bg_layout_light\">\n\t\t\t\t\n\t\t\t\t\n\t\t\t\t\n\t\t\t\t\n\t\t\t\t<div class=\"et_pb_text_inner\"><p><strong><span>Pour cela, la Guidance reste ouverte \u00e0 tous et la s\u00e9ance \u00e0 un public r\u00e9serv\u00e9<\/span><\/strong><\/p>\n<p>&nbsp;<\/p>\n<ul>\n<li><span>Vous connaissez une p\u00e9riode de vie difficile, des remises en question ?<\/span><\/li>\n<li><span>Vous cherchez \u00e0 vous lib\u00e9rer de vos blocages, peurs, \u00e0 mettre du soin sur vos blessures \u00e9motionnelles ?<\/span><\/li>\n<li><span>Vous souhaitez avancer sur votre chemin ?<\/span><\/li>\n<\/ul><\/div>\n\t\t\t<\/div>\n\t\t\t<\/div>\n\t\t\t\t\n\t\t\t\t\n\t\t\t\t\n\t\t\t\t\n\t\t\t<\/div>\n\t\t\t\t\n\t\t\t\t\n\t\t\t<\/div><div class=\"et_d4_element et_pb_section et_pb_section_7 et_pb_with_background  et_pb_css_mix_blend_mode et_section_regular et_block_section\" >\n\t\t\t\t\n\t\t\t\t\n\t\t\t\t\n\t\t\t\t\n\t\t\t\t\n\t\t\t\t\n\t\t\t\t<div class=\"et_d4_element et_pb_row et_pb_row_7  et_pb_css_mix_blend_mode et_block_row\">\n\t\t\t\t<div class=\"et_d4_element et_pb_column_4_4 et_pb_column et_pb_column_7  et_pb_css_mix_blend_mode et-last-child et_block_column\">\n\t\t\t\t\n\t\t\t\t\n\t\t\t\t\n\t\t\t\t\n\t\t\t\t<div class=\"et_pb_module et_d4_element et_pb_text et_pb_text_7  et_pb_text_align_center et_pb_bg_layout_light\">\n\t\t\t\t\n\t\t\t\t\n\t\t\t\t\n\t\t\t\t\n\t\t\t\t<div class=\"et_pb_text_inner\"><h2><span class=\"diyfeDecoration\">Deux formules sont \u00e0 disposition :<\/span><\/h2><\/div>\n\t\t\t<\/div>\n\t\t\t<\/div>\n\t\t\t\t\n\t\t\t\t\n\t\t\t\t\n\t\t\t\t\n\t\t\t<\/div><div class=\"et_d4_element et_pb_row et_pb_row_8 et_pb_gutters2  et_pb_css_mix_blend_mode et_block_row\">\n\t\t\t\t<div class=\"et_d4_element et_pb_column_1_2 et_pb_column et_pb_column_8  et_pb_css_mix_blend_mode et_block_column\">\n\t\t\t\t\n\t\t\t\t\n\t\t\t\t\n\t\t\t\t\n\t\t\t\t<div class=\"et_pb_with_border et_pb_module et_d4_element et_pb_blurb et_pb_blurb_0 et_animated  et_pb_text_align_left  et_pb_blurb_position_top et_block_module et_pb_bg_layout_light\">\n\t\t\t\t\n\t\t\t\t\n\t\t\t\t\n\t\t\t\t\n\t\t\t\t<div class=\"et_pb_blurb_content\">\n\t\t\t\t\t\n\t\t\t\t\t<div class=\"et_pb_blurb_container\">\n\t\t\t\t\t\t<h4 class=\"et_pb_module_header\"><span>UNE GUIDANCE<\/span><\/h4>\n\t\t\t\t\t\t<div class=\"et_pb_blurb_description\"><p><span style=\"font-size: 14px;\"><\/span><\/p>\n<p><span style=\"font-size: 14px;\">sous forme d'un <\/span><strong style=\"font-size: 14px;\">SUIVI DE 21 JOURS<\/strong><span style=\"font-size: 14px;\">\u00a0par \u00e9change de mails quotidien (<\/span><em style=\"font-size: 14px;\">ou \u00e0 votre rythme, selon votre convenance et disponibilit\u00e9 sur ces 21 jours<\/em><span style=\"font-size: 14px;\">) ouvert \u00e0 tous<\/span><span><\/span><\/p><\/div>\n\t\t\t\t\t<\/div>\n\t\t\t\t<\/div>\n\t\t\t<\/div><div class=\"et_pb_button_module_wrapper et_pb_button_0_wrapper  et_pb_module \">\n\t\t\t\t<a class=\"et_pb_button et_d4_element et_pb_button_0 et_pb_bg_layout_light et_block_module\" href=\"http:\/\/www.dactyloplus.fr\/index.php\/brouillon-auto\/?et_fb=1&#038;PageSpeed=off\">En savoir plus<\/a>\n\t\t\t<\/div>\n\t\t\t<\/div><div class=\"et_d4_element et_pb_column_1_2 et_pb_column et_pb_column_9  et_pb_css_mix_blend_mode et-last-child et_block_column\">\n\t\t\t\t\n\t\t\t\t\n\t\t\t\t\n\t\t\t\t\n\t\t\t\t<div class=\"et_pb_with_border et_pb_module et_d4_element et_pb_blurb et_pb_blurb_1 et_animated  et_pb_text_align_left  et_pb_blurb_position_top et_block_module et_pb_bg_layout_light\">\n\t\t\t\t\n\t\t\t\t\n\t\t\t\t\n\t\t\t\t\n\t\t\t\t<div class=\"et_pb_blurb_content\">\n\t\t\t\t\t\n\t\t\t\t\t<div class=\"et_pb_blurb_container\">\n\t\t\t\t\t\t<h4 class=\"et_pb_module_header\"><span>UNE SEANCE<\/span><\/h4>\n\t\t\t\t\t\t<div class=\"et_pb_blurb_description\"><p><span><\/span><\/p>\n<p><span>par \u00e9change de mails\u00a0<em>(compter de 1 \u00e0 3 mails complets selon les besoins et limites du consultant, sur 3 jours cons\u00e9cutifs maximum)<\/em>\u00a0<\/span><\/p>\n<p>&nbsp;<\/p><\/div>\n\t\t\t\t\t<\/div>\n\t\t\t\t<\/div>\n\t\t\t<\/div><div class=\"et_pb_button_module_wrapper et_pb_button_1_wrapper et_pb_button_alignment_left et_pb_module \">\n\t\t\t\t<a class=\"et_pb_button et_d4_element et_pb_button_1 et_pb_bg_layout_light et_block_module\" href=\"\">En savoir plus<\/a>\n\t\t\t<\/div>\n\t\t\t<\/div>\n\t\t\t\t\n\t\t\t\t\n\t\t\t\t\n\t\t\t\t\n\t\t\t<\/div>\n\t\t\t\t\n\t\t\t\t\n\t\t\t<\/div><div class=\"et_d4_element et_pb_section et_pb_section_8  et_pb_css_mix_blend_mode et_section_regular et_block_section\" >\n\t\t\t\t\n\t\t\t\t\n\t\t\t\t\n\t\t\t\t\n\t\t\t\t\n\t\t\t\t\n\t\t\t\t<div class=\"et_d4_element et_pb_row et_pb_row_9  et_pb_css_mix_blend_mode et_block_row\">\n\t\t\t\t<div class=\"et_d4_element et_pb_column_1_2 et_pb_column et_pb_column_10  et_pb_css_mix_blend_mode et_block_column\">\n\t\t\t\t\n\t\t\t\t\n\t\t\t\t\n\t\t\t\t\n\t\t\t\t<div class=\"et_pb_module et_d4_element et_pb_text et_pb_text_8  et_pb_text_align_left et_pb_bg_layout_light\">\n\t\t\t\t\n\t\t\t\t\n\t\t\t\t\n\t\t\t\t\n\t\t\t\t<div class=\"et_pb_text_inner\"><p><strong>La Guidance<\/strong><span>\u00a0est pour ceux qui ont une\u00a0<\/span><strong>difficult\u00e9<\/strong><span>\u00a0<\/span><strong>importante, persistante<\/strong><span>\u00a0ou lorsque\u00a0<\/span><strong>plusieurs probl\u00e9matiques<\/strong><span>\u00a0traversent votre vie ou encore tout simplement pour un vrai\u00a0<\/span><strong>travail en profondeur<\/strong><span>\u00a0sur vos objectifs d'incarnation, vos blessures \u00e0 gu\u00e9rir...<\/span><\/p>\n<p><span style=\"color: #bc9034;\"><strong>C'est un bilan tr\u00e8s complet de vos sch\u00e9mas de fonctionnement, cela permet\u00a0une meilleure connaissance de soi\u00a0et va vous servir POUR VOTRE INCARNATION ENTI\u00c8RE<\/strong><\/span><\/p><\/div>\n\t\t\t<\/div>\n\t\t\t<\/div><div class=\"et_d4_element et_pb_column_1_2 et_pb_column et_pb_column_11  et_pb_css_mix_blend_mode et-last-child et_block_column\">\n\t\t\t\t\n\t\t\t\t\n\t\t\t\t\n\t\t\t\t\n\t\t\t\t<div class=\"et_pb_module et_d4_element et_pb_text et_pb_text_9  et_pb_text_align_justified et_pb_bg_layout_light\">\n\t\t\t\t\n\t\t\t\t\n\t\t\t\t\n\t\t\t\t\n\t\t\t\t<div class=\"et_pb_text_inner\"><p><strong>La s\u00e9ance<\/strong><span>\u00a0est pour une\u00a0<\/span><strong>simple difficult\u00e9<\/strong><span>, un besoin d'aide\u00a0<\/span><strong>ponctuelle<\/strong><span>\u00a0dans le cadre d'un suivi momentan\u00e9\u00a0<\/span><span><u>apr\u00e8s une Guidance de 21 jours.<\/u><\/span><\/p>\n<p><span><u><\/u><\/span><\/p>\n<p>r\u00e9serv\u00e9e \u00e0 ceux qui ont d\u00e9j\u00e0 suivi une guidance de 21 jours ou plusieurs s\u00e9ances avec moi en cabinet ou \u00e0 distance (me contacter si vous avez un doute avant tout paiement)<\/p><\/div>\n\t\t\t<\/div>\n\t\t\t<\/div>\n\t\t\t\t\n\t\t\t\t\n\t\t\t\t\n\t\t\t\t\n\t\t\t<\/div><div class=\"et_d4_element et_pb_row et_pb_row_10  et_pb_css_mix_blend_mode et_block_row\">\n\t\t\t\t<div class=\"et_d4_element et_pb_column_1_2 et_pb_column et_pb_column_12  et_pb_css_mix_blend_mode et_block_column\">\n\t\t\t\t\n\t\t\t\t\n\t\t\t\t\n\t\t\t\t\n\t\t\t\t<div class=\"et_pb_module et_d4_element et_pb_text et_pb_text_10 et_animated  et_pb_text_align_center et_pb_bg_layout_light\">\n\t\t\t\t\n\t\t\t\t\n\t\t\t\t\n\t\t\t\t\n\t\t\t\t<div class=\"et_pb_text_inner\"><p><span><strong>C'est un travail de gu\u00e9rison d'une vie<\/strong><\/span><\/p>\n<p><span><strong>sur 3 semaines<\/strong><\/span><\/p><\/div>\n\t\t\t<\/div>\n\t\t\t<\/div><div class=\"et_d4_element et_pb_column_1_2 et_pb_column et_pb_column_13  et_pb_css_mix_blend_mode et-last-child et_block_column et_pb_column_empty\">\n\t\t\t\t\n\t\t\t\t\n\t\t\t\t\n\t\t\t\t\n\t\t\t\t\n\t\t\t<\/div>\n\t\t\t\t\n\t\t\t\t\n\t\t\t\t\n\t\t\t\t\n\t\t\t<\/div>\n\t\t\t\t\n\t\t\t\t\n\t\t\t<\/div><div class=\"et_d4_element et_pb_section et_pb_section_9  et_pb_css_mix_blend_mode et_section_regular et_block_section\" >\n\t\t\t\t\n\t\t\t\t\n\t\t\t\t\n\t\t\t\t\n\t\t\t\t\n\t\t\t\t\n\t\t\t\t<div class=\"et_d4_element et_pb_row et_pb_row_11  et_pb_css_mix_blend_mode et_block_row\">\n\t\t\t\t<div class=\"et_d4_element et_pb_column_1_2 et_pb_column et_pb_column_14  et_pb_css_mix_blend_mode et_block_column\">\n\t\t\t\t\n\t\t\t\t\n\t\t\t\t\n\t\t\t\t\n\t\t\t\t<div class=\"et_pb_module et_d4_element et_pb_text et_pb_text_11  et_pb_text_align_left et_pb_bg_layout_light\">\n\t\t\t\t\n\t\t\t\t\n\t\t\t\t\n\t\t\t\t\n\t\t\t\t<div class=\"et_pb_text_inner\"><p style=\"text-align: justify;\"><span><strong>L'\u00e9quivalent de plusieurs ann\u00e9es de th\u00e9rapie ordinaire<\/strong>, l'analyse est claire, compl\u00e8te et balaye l'ensemble de votre vie (tous domaines confondus).\u00a0Vous le constaterez comme l'on fait tous ceux qui en ont b\u00e9n\u00e9fici\u00e9 avant vous, ils en reconnaissent la grande\u00a0<strong>efficacit\u00e9<\/strong>\u00a0; voir leurs commentaires dans\u00a0<a href=\"https:\/\/www.therapeute-energie.fr\/livre-d-or\/\" target=\"_self\">mon livre d'or<\/a>.<\/span><\/p>\n<p><span>Il est \u00e0 noter que les r\u00e9sultats en mati\u00e8re de gu\u00e9rison et d'avancement sont bien meilleurs lorsque l'\u00e9change est \u00e9crit plut\u00f4t que l'\u00e9change verbal. J'ai pu le constater \u00e0 de multiples reprises depuis des ann\u00e9es !<\/span><\/p><\/div>\n\t\t\t<\/div>\n\t\t\t<\/div><div class=\"et_d4_element et_pb_column_1_2 et_pb_column et_pb_column_15  et_pb_css_mix_blend_mode et-last-child et_block_column et_pb_column_empty\">\n\t\t\t\t\n\t\t\t\t\n\t\t\t\t\n\t\t\t\t\n\t\t\t\t\n\t\t\t<\/div>\n\t\t\t\t\n\t\t\t\t\n\t\t\t\t\n\t\t\t\t\n\t\t\t<\/div>\n\t\t\t\t\n\t\t\t\t\n\t\t\t<\/div><div class=\"et_d4_element et_pb_section et_pb_section_10  et_pb_css_mix_blend_mode et_section_regular et_block_section\" >\n\t\t\t\t\n\t\t\t\t\n\t\t\t\t\n\t\t\t\t\n\t\t\t\t\n\t\t\t\t\n\t\t\t\t<div class=\"et_d4_element et_pb_row et_pb_row_12  et_pb_css_mix_blend_mode et_block_row\">\n\t\t\t\t<div class=\"et_d4_element et_pb_column_4_4 et_pb_column et_pb_column_16  et_pb_css_mix_blend_mode et-last-child et_block_column\">\n\t\t\t\t\n\t\t\t\t\n\t\t\t\t\n\t\t\t\t\n\t\t\t\t<div class=\"et_pb_module et_d4_element et_pb_video et_pb_video_0\">\n\t\t\t\t\n\t\t\t\t\n\t\t\t\t\n\t\t\t\t\n\t\t\t\t<div class=\"et_pb_video_box\"><iframe loading=\"lazy\" title=\"Et si on parlait de mon &quot;si particulier&quot; accompagnement th\u00e9rapeutique ? \ud83e\udd14\" width=\"1080\" height=\"608\" src=\"https:\/\/www.youtube.com\/embed\/OKPUw7PuDCk?feature=oembed\"  allow=\"accelerometer; autoplay; clipboard-write; encrypted-media; gyroscope; picture-in-picture; web-share\" referrerpolicy=\"strict-origin-when-cross-origin\" allowfullscreen><\/iframe><\/div>\n\t\t\t\t\n\t\t\t<\/div>\n\t\t\t<\/div>\n\t\t\t\t\n\t\t\t\t\n\t\t\t\t\n\t\t\t\t\n\t\t\t<\/div>\n\t\t\t\t\n\t\t\t\t\n\t\t\t<\/div><\/p>\n","protected":false},"excerpt":{"rendered":"","protected":false},"author":1,"featured_media":0,"parent":0,"menu_order":0,"comment_status":"closed","ping_status":"closed","template":"","meta":{"_et_pb_use_builder":"on","_et_pb_old_content":"","_et_gb_content_width":"","footnotes":""},"class_list":["post-262209","page","type-page","status-publish","hentry"],"jetpack_sharing_enabled":true,"_links":{"self":[{"href":"https:\/\/www.dactyloplus.fr\/index.php\/wp-json\/wp\/v2\/pages\/262209","targetHints":{"allow":["GET"]}}],"collection":[{"href":"https:\/\/www.dactyloplus.fr\/index.php\/wp-json\/wp\/v2\/pages"}],"about":[{"href":"https:\/\/www.dactyloplus.fr\/index.php\/wp-json\/wp\/v2\/types\/page"}],"author":[{"embeddable":true,"href":"https:\/\/www.dactyloplus.fr\/index.php\/wp-json\/wp\/v2\/users\/1"}],"replies":[{"embeddable":true,"href":"https:\/\/www.dactyloplus.fr\/index.php\/wp-json\/wp\/v2\/comments?post=262209"}],"version-history":[{"count":9,"href":"https:\/\/www.dactyloplus.fr\/index.php\/wp-json\/wp\/v2\/pages\/262209\/revisions"}],"predecessor-version":[{"id":262233,"href":"https:\/\/www.dactyloplus.fr\/index.php\/wp-json\/wp\/v2\/pages\/262209\/revisions\/262233"}],"wp:attachment":[{"href":"https:\/\/www.dactyloplus.fr\/index.php\/wp-json\/wp\/v2\/media?parent=262209"}],"curies":[{"name":"wp","href":"https:\/\/api.w.org\/{rel}","templated":true}]}}