{"id":262012,"date":"2025-08-02T16:09:32","date_gmt":"2025-08-02T14:09:32","guid":{"rendered":"http:\/\/www.dactyloplus.fr\/?page_id=262012"},"modified":"2025-08-29T21:23:22","modified_gmt":"2025-08-29T19:23:22","slug":"brouillon-auto","status":"publish","type":"page","link":"https:\/\/www.dactyloplus.fr\/index.php\/brouillon-auto\/","title":{"rendered":"Page guidance"},"content":{"rendered":"<p><div class=\"et_d4_element et_pb_section et_pb_section_0 et_pb_with_background  et_pb_css_mix_blend_mode et_section_regular et_block_section\" >\n\t\t\t\t\n\t\t\t\t\n\t\t\t\t\n\t\t\t\t\n\t\t\t\t\n\t\t\t\t\n\t\t\t\t<div class=\"et_d4_element et_pb_row et_pb_row_0  et_pb_css_mix_blend_mode et_block_row\">\n\t\t\t\t<div class=\"et_d4_element et_pb_column_4_4 et_pb_column et_pb_column_0  et_pb_css_mix_blend_mode et-last-child et_block_column\">\n\t\t\t\t\n\t\t\t\t\n\t\t\t\t\n\t\t\t\t\n\t\t\t\t<div class=\"et_pb_module et_d4_element et_pb_text et_pb_text_0  et_pb_text_align_center et_pb_bg_layout_light\">\n\t\t\t\t\n\t\t\t\t\n\t\t\t\t\n\t\t\t\t\n\t\t\t\t<div class=\"et_pb_text_inner\"><h1>guidance<\/h1><\/div>\n\t\t\t<\/div>\n\t\t\t<\/div>\n\t\t\t\t\n\t\t\t\t\n\t\t\t\t\n\t\t\t\t\n\t\t\t<\/div>\n\t\t\t\t\n\t\t\t\t\n\t\t\t<\/div><div class=\"et_d4_element et_pb_section et_pb_section_1  et_pb_css_mix_blend_mode et_section_regular et_block_section\" >\n\t\t\t\t\n\t\t\t\t\n\t\t\t\t\n\t\t\t\t\n\t\t\t\t\n\t\t\t\t\n\t\t\t\t<div class=\"et_d4_element et_pb_row et_pb_row_1  et_pb_css_mix_blend_mode et_block_row\">\n\t\t\t\t<div class=\"et_d4_element et_pb_column_4_4 et_pb_column et_pb_column_1  et_pb_css_mix_blend_mode et-last-child et_block_column\">\n\t\t\t\t\n\t\t\t\t\n\t\t\t\t\n\t\t\t\t\n\t\t\t\t<div class=\"et_pb_module et_d4_element et_pb_text et_pb_text_1  et_pb_text_align_center et_pb_bg_layout_light\">\n\t\t\t\t\n\t\t\t\t\n\t\t\t\t\n\t\t\t\t\n\t\t\t\t<div class=\"et_pb_text_inner\"><pre><span><span style=\"font-family: 'Cinzel Decorative'; font-weight: normal;\"><strong>Il ne tient qu'\u00e0 vous d'ouvrir la porte au fond du chemin<\/strong>\n<\/span><strong><span style=\"font-family: 'Cinzel Decorative'; font-weight: normal;\">La lumi\u00e8re vous y attend<\/span><\/strong><\/span><\/pre>\n<p><strong><\/strong><strong><img loading=\"lazy\" decoding=\"async\" src=\"http:\/\/www.dactyloplus.fr\/wp-content\/uploads\/2025\/08\/cache_26137861-300x198.jpg\" width=\"429\" height=\"283\" alt=\"\" class=\"wp-image-262021 alignnone size-medium\" srcset=\"https:\/\/www.dactyloplus.fr\/wp-content\/uploads\/2025\/08\/cache_26137861-300x198.jpg 300w, https:\/\/www.dactyloplus.fr\/wp-content\/uploads\/2025\/08\/cache_26137861.jpg 433w\" sizes=\"(max-width: 429px) 100vw, 429px\" \/><\/strong><\/p><\/div>\n\t\t\t<\/div>\n\t\t\t<\/div>\n\t\t\t\t\n\t\t\t\t\n\t\t\t\t\n\t\t\t\t\n\t\t\t<\/div><div class=\"et_d4_element et_pb_row et_pb_row_2  et_pb_css_mix_blend_mode et_block_row\">\n\t\t\t\t<div class=\"et_d4_element et_pb_column_1_2 et_pb_column et_pb_column_2  et_pb_css_mix_blend_mode et_block_column\">\n\t\t\t\t\n\t\t\t\t\n\t\t\t\t\n\t\t\t\t\n\t\t\t\t<div class=\"et_pb_module et_d4_element et_pb_text et_pb_text_2  et_pb_text_align_left et_pb_bg_layout_light\">\n\t\t\t\t\n\t\t\t\t\n\t\t\t\t\n\t\t\t\t\n\t\t\t\t<div class=\"et_pb_text_inner\"><p><span><strong>Vous n'\u00eates pas seul \u00e0 bord, mais c'est votre navire que vous manoeuvrez et c'est vous qui \u00eates \u00e0 la barre<\/strong><\/span><\/p>\n<p>&nbsp;<\/p>\n<p><span>La guidance est un accompagnement lorsque vous traversez un moment de vie difficile, des changements impr\u00e9vus ou importants, une phase de remise en question au niveau personnel ou professionnel.<\/span><\/p>\n<ul>\n<li><span>Vous souhaitez\u00a0<strong>recontacter votre \u00c2me et votre \u00catre.<\/strong><\/span><\/li>\n<li><span><strong>Vous avez besoin d'aide pour \u00e9clairer vos sch\u00e9mas de fonctionnement afin de ne plus les r\u00e9p\u00e9ter et d'\u00e9voluer.<\/strong><\/span><\/li>\n<li><span><strong>Vous cherchez \u00e0 d\u00e9couvrir qui vous \u00eates v\u00e9ritablement.<\/strong>\u00a0Ce que vous souhaitez vivre et \u00e0 terme r\u00e9aliser ces envies.<\/span><\/li>\n<li><span><strong>Votre fatigue morale et\/ou physique vous p\u00e8se.<\/strong>\u00a0Il y a parfois des signes que nous envoient notre esprit, notre corps pour nous demander de faire une pause afin de savoir o\u00f9 l'on va.<\/span><span>\u00a0<\/span><span>Ces d\u00e9sagr\u00e9ments sont autant de petites alertes qui vous invitent \u00e0 vous repositionner dans une vie qui ne vous ressemble plus tellement.<\/span><\/li>\n<li><span>Vous en avez<\/span><span>\u00a0<\/span><span><strong>marre des th\u00e9rapies longues et pas efficaces<\/strong><\/span><span>\u00a0<\/span><span>? On sait juste quand \u00e7a commence mais on ne sait pas quand \u00e7a s'arr\u00eate, on ne sait pas combien \u00e7a va nous co\u00fbter, on sait pas si il y aura du r\u00e9sultat et lequel !<\/span><\/li>\n<\/ul>\n<pre><span><strong>C'est tout l'int\u00e9r\u00eat de cette Guidance<\/strong><\/span><\/pre><\/div>\n\t\t\t<\/div>\n\t\t\t<\/div><div class=\"et_d4_element et_pb_column_1_2 et_pb_column et_pb_column_3  et_pb_css_mix_blend_mode et-last-child et_block_column\">\n\t\t\t\t\n\t\t\t\t\n\t\t\t\t\n\t\t\t\t\n\t\t\t\t<div class=\"et_pb_module et_d4_element et_pb_text et_pb_text_3  et_pb_text_align_left et_pb_bg_layout_light\">\n\t\t\t\t\n\t\t\t\t\n\t\t\t\t\n\t\t\t\t\n\t\t\t\t<div class=\"et_pb_text_inner\"><div class=\"n module-type-header diyfeLiveArea \">\n<h2><span class=\"diyfeDecoration\">modalit\u00e9s et conditions<\/span><\/h2>\n<\/div>\n<div class=\"n module-type-text diyfeLiveArea \">\n<p><span><strong>Cette prestation<\/strong>\u00a0<strong>de Guidance<\/strong>\u00a0est une th\u00e9rapie\u00a0mais plus\u00a0<strong>condens\u00e9e dans le temps\u00a0 :<\/strong><\/span><\/p>\n<p><span><strong>un suivi quotidien par\u00a0<u>ECHANGE DE MAILS<\/u>\u00a0pendant\u00a0 21 jours.<\/strong><\/span><\/p>\n<p><span>Toutefois, soyez conscient que les modifications dans sa mani\u00e8re de vivre doivent venir de l'int\u00e9rieur, dict\u00e9s par la n\u00e9cessit\u00e9 pour soi de se mettre en ad\u00e9quation avec son \u00e2me.<\/span><\/p>\n<p><span><strong>Le v\u00e9ritable changement ne peut avoir lieu que si celui qui souffre, qui ressent un mal-\u00eatre s'implique dans le processus de gu\u00e9rison.<\/strong><\/span><span>\u00a0<\/span><span>Il ne saurait en \u00eatre autrement pour pouvoir pleinement avancer, faire face puis d\u00e9passer ces \u00e9preuves, ces difficult\u00e9s qui s'encha\u00eenent, ces incompr\u00e9hensions qui jalonnent votre vie.<\/span><\/p>\n<p><span>En somme, s'il peut \u00eatre b\u00e9n\u00e9fique de se lancer dans un travail sur soi, cela peut aussi s'av\u00e9rer douloureux.<\/span><\/p>\n<p><span>En effet, cette guidance aborde des points comme la connaissance de son enfant int\u00e9rieur, le d\u00e9cryptage socio-relationnel et psycho-affectif de votre \u00eatre et de ceux qui vous entourent. Ces d\u00e9couvertes n\u00e9cessitent bien des acceptations, des renoncements et parfois des d\u00e9sillusions.<\/span><\/p>\n<p><span><strong>L'objectif<\/strong>\u00a0que vous vous \u00eates fix\u00e9s n\u00e9cessitera de\u00a0<strong>faire tomber des barri\u00e8res, de d\u00e9nouer des noeuds<\/strong>\u00a0(parfois karmiques)\u00a0<strong>et de lib\u00e9rer vos blocages \u00e9motionnels.<\/strong>\u00a0Mon \u00e9clairage et nos \u00e9changes doivent vous aider \u00e0 rester debout, avoir une main que l'on tient pour ne pas tomber et des yeux qui voient au loin l'embellie qui se pr\u00e9pare...<\/span><\/p>\n<p>&nbsp;<\/p>\n<\/div><\/div>\n\t\t\t<\/div>\n\t\t\t<\/div>\n\t\t\t\t\n\t\t\t\t\n\t\t\t\t\n\t\t\t\t\n\t\t\t<\/div>\n\t\t\t\t\n\t\t\t\t\n\t\t\t<\/div><div class=\"et_d4_element et_pb_section et_pb_section_2 et_pb_with_background  et_pb_css_mix_blend_mode et_section_regular et_block_section\" >\n\t\t\t\t\n\t\t\t\t\n\t\t\t\t\n\t\t\t\t\n\t\t\t\t\n\t\t\t\t\n\t\t\t\t<div class=\"et_d4_element et_pb_row et_pb_row_3  et_pb_css_mix_blend_mode et_block_row\">\n\t\t\t\t<div class=\"et_d4_element et_pb_column_4_4 et_pb_column et_pb_column_4  et_pb_css_mix_blend_mode et-last-child et_block_column\">\n\t\t\t\t\n\t\t\t\t\n\t\t\t\t\n\t\t\t\t\n\t\t\t\t<div class=\"et_pb_module et_d4_element et_pb_text et_pb_text_4  et_pb_text_align_left et_pb_bg_layout_light\">\n\t\t\t\t\n\t\t\t\t\n\t\t\t\t\n\t\t\t\t\n\t\t\t\t<div class=\"et_pb_text_inner\"><p><span style=\"color: rgba(255, 237, 237, 0.87);\"><strong>Cette prestation vous conviendra si<\/strong>\u00a0:<\/span><\/p>\n<ul>\n<li><span style=\"color: rgba(255, 237, 237, 0.87);\">vous ressentez la n\u00e9cessit\u00e9 d'un soutien quotidien dans votre d\u00e9marche de changement,\u00a0 les \u00e9preuves que vous traversez<\/span><\/li>\n<li><span style=\"color: rgba(255, 237, 237, 0.87);\">vous \u00eates dans une d\u00e9marche de d\u00e9veloppement personnel<\/span><\/li>\n<li><span style=\"color: rgba(255, 237, 237, 0.87);\">vous avez besoin d'un accompagnement \u00e0 distance (vous n'avez pas le temps de vous rendre dans un cabinet de th\u00e9rapie ou vos horaires ne le permettent pas)<\/span><\/li>\n<li><span style=\"color: rgba(255, 237, 237, 0.87);\">vous \u00eates \u00e0 l'aise avec l'\u00e9crit ou vous vous livrez plus facilement que lorsque vous avez quelqu'un face \u00e0 vous<\/span><\/li>\n<li><span style=\"color: rgba(255, 237, 237, 0.87);\">vous souhaitez que la\u00a0<strong>th\u00e9rapie engag\u00e9e soit courte mais<\/strong>\u00a0suffisamment intense pour\u00a0<strong>conna\u00eetre une \u00e9volution rapide et significative<\/strong>\u00a0dans votre vie<\/span><\/li>\n<\/ul>\n<p><span style=\"color: rgba(255, 237, 237, 0.87);\"><i>La prestation d'oniromancie (interpr\u00e9tation de vos r\u00eaves) est comprise.<\/i>\u00a0<i>Il est probable que vous ayez des exercices \u00e0 r\u00e9aliser de votre c\u00f4t\u00e9 (port de cristal, acte d'\u00e9criture lib\u00e9ratoire ou pour aider la r\u00e9miniscence de souvenirs, lecture, vid\u00e9o, m\u00e9ditation ou visualisation...).<\/i><\/span><\/p><\/div>\n\t\t\t<\/div>\n\t\t\t<\/div>\n\t\t\t\t\n\t\t\t\t\n\t\t\t\t\n\t\t\t\t\n\t\t\t<\/div>\n\t\t\t\t\n\t\t\t\t\n\t\t\t<\/div><div class=\"et_d4_element et_pb_section et_pb_section_3  et_pb_css_mix_blend_mode et_section_regular et_block_section\" >\n\t\t\t\t\n\t\t\t\t\n\t\t\t\t\n\t\t\t\t\n\t\t\t\t\n\t\t\t\t\n\t\t\t\t<div class=\"et_d4_element et_pb_row et_pb_row_4  et_pb_css_mix_blend_mode et_block_row\">\n\t\t\t\t<div class=\"et_d4_element et_pb_column_4_4 et_pb_column et_pb_column_5  et_pb_css_mix_blend_mode et-last-child et_block_column\">\n\t\t\t\t\n\t\t\t\t\n\t\t\t\t\n\t\t\t\t\n\t\t\t\t<div class=\"et_pb_module et_d4_element et_pb_text et_pb_text_5  et_pb_text_align_center et_pb_bg_layout_light\">\n\t\t\t\t\n\t\t\t\t\n\t\t\t\t\n\t\t\t\t\n\t\t\t\t<div class=\"et_pb_text_inner\"><p style=\"text-align: center;\"><span>Le tarif\u00a0<strong>se justifie \u00e0 la fois au vu<\/strong><\/span><\/p>\n<p style=\"text-align: center;\"><span><strong>du temps\u00a0que je consacre vraiment \u00e0 chacun<\/strong><\/span><\/p>\n<p style=\"text-align: center;\"><span>1 \u00e0 2 heures par jour<\/span><\/p>\n<p style=\"text-align: center;\">\n<p style=\"text-align: center;\"><span><strong>et<\/strong>\u00a0<strong>des r\u00e9sultats<\/strong><\/span><\/p>\n<p style=\"text-align: center;\"><span>Beaucoup m'ont indiqu\u00e9e qu'ils ont eu\u00a0<strong>+ de r\u00e9sultats<\/strong>\u00a0et\u00a0<strong>+ de prises de conscience<\/strong>\u00a0qu'en plusieurs ann\u00e9es de th\u00e9rapie ou avec n'importe quel autre th\u00e9rapeute !<\/span><\/p>\n<p>&nbsp;<\/p>\n<p align=\"center\"><span>Si vous h\u00e9sitez encore, vous pouvez acc\u00e9der aux<\/span><\/p>\n<p>&nbsp;<\/p>\n<p align=\"center\"><span>\u2606\u2605\u00a0T\u00e9moignages et retours\u00a0\u2605\u2606<\/span><\/p>\n<p>&nbsp;<\/p>\n<p><span>en bas de page ou ceux\u00a0<a href=\"https:\/\/www.therapeute-energie.fr\/mes-enseignements\/ecole-initiatique-au-pays-du-mont-blanc\/ecole-initiatique-session-2019-2020\/\">du livre d'or<\/a><\/span><\/p>\n<h2><span>\u2606\u00a0\u2606\u00a0\u2606<\/span><\/h2>\n<p><span><strong>Une s\u00e9ance d'une seule heure avec un th\u00e9rapeute co\u00fbte en moyenne entre 60 et 100 euros<\/strong><\/span><\/p>\n<p><span>en fonction des r\u00e9gions et des th\u00e9rapeutes<\/span><\/p>\n<p>&nbsp;<\/p>\n<p><span><strong>Si on compte une moyenne de 80 euros x 21 jours<\/strong><\/span><\/p>\n<p><span><strong>= 1680 euros<\/strong><\/span><\/p>\n<p>&nbsp;<\/p>\n<p><span>Ici\u00a0le co\u00fbt se situe bien en-de\u00e7a\u00a0pour\u00a0des r\u00e9sultats\u00a0la plupart du temps\u00a0bien plus efficaces\u00a0selon tous les retours que je re\u00e7ois<\/span><\/p>\n<p><span><span style=\"text-decoration: line-through;\"><strong>1680 euros<\/strong><\/span><\/span><\/p>\n<p><span>\u2605\u00a0<strong>888 euros<\/strong>\u00a0\u2605<\/span><\/p><\/div>\n\t\t\t<\/div>\n\t\t\t<\/div>\n\t\t\t\t\n\t\t\t\t\n\t\t\t\t\n\t\t\t\t\n\t\t\t<\/div>\n\t\t\t\t\n\t\t\t\t\n\t\t\t<\/div><\/p>\n","protected":false},"excerpt":{"rendered":"","protected":false},"author":1,"featured_media":0,"parent":0,"menu_order":0,"comment_status":"closed","ping_status":"closed","template":"","meta":{"_et_pb_use_builder":"on","_et_pb_old_content":"","_et_gb_content_width":"","footnotes":""},"class_list":["post-262012","page","type-page","status-publish","hentry"],"jetpack_sharing_enabled":true,"_links":{"self":[{"href":"https:\/\/www.dactyloplus.fr\/index.php\/wp-json\/wp\/v2\/pages\/262012","targetHints":{"allow":["GET"]}}],"collection":[{"href":"https:\/\/www.dactyloplus.fr\/index.php\/wp-json\/wp\/v2\/pages"}],"about":[{"href":"https:\/\/www.dactyloplus.fr\/index.php\/wp-json\/wp\/v2\/types\/page"}],"author":[{"embeddable":true,"href":"https:\/\/www.dactyloplus.fr\/index.php\/wp-json\/wp\/v2\/users\/1"}],"replies":[{"embeddable":true,"href":"https:\/\/www.dactyloplus.fr\/index.php\/wp-json\/wp\/v2\/comments?post=262012"}],"version-history":[{"count":10,"href":"https:\/\/www.dactyloplus.fr\/index.php\/wp-json\/wp\/v2\/pages\/262012\/revisions"}],"predecessor-version":[{"id":262422,"href":"https:\/\/www.dactyloplus.fr\/index.php\/wp-json\/wp\/v2\/pages\/262012\/revisions\/262422"}],"wp:attachment":[{"href":"https:\/\/www.dactyloplus.fr\/index.php\/wp-json\/wp\/v2\/media?parent=262012"}],"curies":[{"name":"wp","href":"https:\/\/api.w.org\/{rel}","templated":true}]}}