{"id":25926,"date":"2025-07-29T20:57:03","date_gmt":"2025-07-29T18:57:03","guid":{"rendered":"http:\/\/www.dactyloplus.fr\/?page_id=25926"},"modified":"2025-11-13T10:57:22","modified_gmt":"2025-11-13T08:57:22","slug":"mes-prestations-responsive","status":"publish","type":"page","link":"https:\/\/www.dactyloplus.fr\/index.php\/mes-prestations-responsive\/","title":{"rendered":"Mes enseignements Responsive"},"content":{"rendered":"<p><div class=\"et_d4_element et_pb_section et_pb_section_0  et_pb_css_mix_blend_mode et_pb_fullwidth_section et_section_regular et_block_section\" >\n\t\t\t\t\n\t\t\t\t\n\t\t\t\t\n\t\t\t\t\n\t\t\t\t\n\t\t\t\t\n\t\t\t\t<div class=\"et_pb_module et_d4_element et_pb_fullwidth_image et_pb_fullwidth_image_0\">\n\t\t\t\t\n\t\t\t\t\n\t\t\t\t\n\t\t\t\t\n\t\t\t\t<img loading=\"lazy\" decoding=\"async\" width=\"2560\" height=\"500\" src=\"http:\/\/www.dactyloplus.fr\/wp-content\/uploads\/2025\/11\/Mes-enseignements-1.png\" alt=\"\" title=\"Mes enseignements\" srcset=\"https:\/\/www.dactyloplus.fr\/wp-content\/uploads\/2025\/11\/Mes-enseignements-1.png 2560w, https:\/\/www.dactyloplus.fr\/wp-content\/uploads\/2025\/11\/Mes-enseignements-1-1280x250.png 1280w, https:\/\/www.dactyloplus.fr\/wp-content\/uploads\/2025\/11\/Mes-enseignements-1-980x191.png 980w, https:\/\/www.dactyloplus.fr\/wp-content\/uploads\/2025\/11\/Mes-enseignements-1-480x94.png 480w\" sizes=\"(min-width: 0px) and (max-width: 480px) 480px, (min-width: 481px) and (max-width: 980px) 980px, (min-width: 981px) and (max-width: 1280px) 1280px, (min-width: 1281px) 2560px, 100vw\" class=\"wp-image-262948\" \/>\n\t\t\t\n\t\t\t<\/div>\n\t\t\t\t\n\t\t\t\t\n\t\t\t<\/div><div class=\"et_d4_element et_pb_section et_pb_section_1  et_pb_css_mix_blend_mode et_pb_fullwidth_section et_section_regular et_block_section\" >\n\t\t\t\t\n\t\t\t\t\n\t\t\t\t\n\t\t\t\t\n\t\t\t\t\n\t\t\t\t\n\t\t\t\t<div class=\"et_pb_module et_d4_element et_pb_fullwidth_image et_pb_fullwidth_image_1\">\n\t\t\t\t\n\t\t\t\t\n\t\t\t\t\n\t\t\t\t\n\t\t\t\t\n\t\t\t\n\t\t\t<\/div>\n\t\t\t\t\n\t\t\t\t\n\t\t\t<\/div><div class=\"et_d4_element et_pb_section et_pb_section_2  et_pb_css_mix_blend_mode et_section_regular et_block_section\" >\n\t\t\t\t\n\t\t\t\t\n\t\t\t\t\n\t\t\t\t\n\t\t\t\t\n\t\t\t\t\n\t\t\t\t<div class=\"et_d4_element et_pb_row et_pb_row_0  et_pb_css_mix_blend_mode et_block_row\">\n\t\t\t\t<div class=\"et_d4_element et_pb_column_1_2 et_pb_column et_pb_column_0  et_pb_css_mix_blend_mode et_block_column\">\n\t\t\t\t\n\t\t\t\t\n\t\t\t\t\n\t\t\t\t\n\t\t\t\t<div class=\"et_pb_module et_d4_element et_pb_image et_pb_image_0 et_pb_has_overlay\">\n\t\t\t\t\n\t\t\t\t\n\t\t\t\t\n\t\t\t\t\n\t\t\t\t<a href=\"http:\/\/www.dactyloplus.fr\/wp-content\/uploads\/2025\/07\/Design-sans-titre-4.png\" class=\"et_pb_lightbox_image\" title=\"\"><span class=\"et_pb_image_wrap has-box-shadow-overlay\"><div class=\"box-shadow-overlay\"><\/div><img loading=\"lazy\" decoding=\"async\" width=\"400\" height=\"400\" src=\"http:\/\/www.dactyloplus.fr\/wp-content\/uploads\/2025\/07\/Design-sans-titre-4.png\" alt=\"\" title=\"Design sans titre\" srcset=\"https:\/\/www.dactyloplus.fr\/wp-content\/uploads\/2025\/07\/Design-sans-titre-4.png 400w, https:\/\/www.dactyloplus.fr\/wp-content\/uploads\/2025\/07\/Design-sans-titre-4-300x300.png 300w, https:\/\/www.dactyloplus.fr\/wp-content\/uploads\/2025\/07\/Design-sans-titre-4-100x100.png 100w, https:\/\/www.dactyloplus.fr\/wp-content\/uploads\/2025\/07\/Design-sans-titre-4-150x150.png 150w\" sizes=\"(max-width: 400px) 100vw, 400px\" class=\"wp-image-25914\" \/><span class=\"et_overlay et_pb_inline_icon\" data-icon=\"\uf00e\"><\/span><\/span><\/a>\n\t\t\t<\/div><div class=\"et_pb_module et_d4_element et_pb_text et_pb_text_0  et_pb_text_align_center et_pb_bg_layout_light\">\n\t\t\t\t\n\t\t\t\t\n\t\t\t\t\n\t\t\t\t\n\t\t\t\t<div class=\"et_pb_text_inner\"><h4>ecole initiatique au pays du mont-blanc<\/h4><\/div>\n\t\t\t<\/div><div class=\"et_pb_button_module_wrapper et_pb_button_0_wrapper et_pb_button_alignment_center et_pb_module \">\n\t\t\t\t<a class=\"et_pb_button et_d4_element et_pb_button_0 et_pb_bg_layout_dark et_block_module\" href=\"\" data-icon=\"$\">En savoir plus<\/a>\n\t\t\t<\/div>\n\t\t\t<\/div><div class=\"et_d4_element et_pb_column_1_2 et_pb_column et_pb_column_1  et_pb_css_mix_blend_mode et-last-child et_block_column\">\n\t\t\t\t\n\t\t\t\t\n\t\t\t\t\n\t\t\t\t\n\t\t\t\t<div class=\"et_pb_module et_d4_element et_pb_image et_pb_image_1 et_pb_has_overlay\">\n\t\t\t\t\n\t\t\t\t\n\t\t\t\t\n\t\t\t\t\n\t\t\t\t<a href=\"http:\/\/www.dactyloplus.fr\/wp-content\/uploads\/2025\/07\/abstract-8818927_1280.png\" class=\"et_pb_lightbox_image\" title=\"\"><span class=\"et_pb_image_wrap has-box-shadow-overlay\"><div class=\"box-shadow-overlay\"><\/div><img loading=\"lazy\" decoding=\"async\" width=\"1280\" height=\"1280\" src=\"http:\/\/www.dactyloplus.fr\/wp-content\/uploads\/2025\/07\/abstract-8818927_1280.png\" alt=\"\" title=\"abstract-8818927_1280\" srcset=\"https:\/\/www.dactyloplus.fr\/wp-content\/uploads\/2025\/07\/abstract-8818927_1280.png 1280w, https:\/\/www.dactyloplus.fr\/wp-content\/uploads\/2025\/07\/abstract-8818927_1280-980x980.png 980w, https:\/\/www.dactyloplus.fr\/wp-content\/uploads\/2025\/07\/abstract-8818927_1280-480x480.png 480w\" sizes=\"(min-width: 0px) and (max-width: 480px) 480px, (min-width: 481px) and (max-width: 980px) 980px, (min-width: 981px) 1280px, 100vw\" class=\"wp-image-25924\" \/><span class=\"et_overlay et_pb_inline_icon\" data-icon=\"\uf00e\"><\/span><\/span><\/a>\n\t\t\t<\/div><div class=\"et_pb_module et_d4_element et_pb_text et_pb_text_1  et_pb_text_align_left et_pb_bg_layout_light\">\n\t\t\t\t\n\t\t\t\t\n\t\t\t\t\n\t\t\t\t\n\t\t\t\t<div class=\"et_pb_text_inner\"><h4 style=\"text-align: center;\"><span class=\"diyfeDecoration\">Initiation aux dons et \u00e0 la spiritualit\u00e9<\/span><\/h4><\/div>\n\t\t\t<\/div><div class=\"et_pb_button_module_wrapper et_pb_button_1_wrapper et_pb_button_alignment_center et_pb_module \">\n\t\t\t\t<a class=\"et_pb_button et_d4_element et_pb_button_1 et_pb_bg_layout_dark et_block_module\" href=\"\" data-icon=\"$\">En savoir plus<\/a>\n\t\t\t<\/div>\n\t\t\t<\/div>\n\t\t\t\t\n\t\t\t\t\n\t\t\t\t\n\t\t\t\t\n\t\t\t<\/div><div class=\"et_d4_element et_pb_row et_pb_row_1  et_pb_css_mix_blend_mode et_block_row\">\n\t\t\t\t<div class=\"et_d4_element et_pb_column_1_2 et_pb_column et_pb_column_2  et_pb_css_mix_blend_mode et_block_column\">\n\t\t\t\t\n\t\t\t\t\n\t\t\t\t\n\t\t\t\t\n\t\t\t\t<div class=\"et_pb_module et_d4_element et_pb_image et_pb_image_2 et_pb_has_overlay\">\n\t\t\t\t\n\t\t\t\t\n\t\t\t\t\n\t\t\t\t\n\t\t\t\t<a href=\"http:\/\/www.dactyloplus.fr\/wp-content\/uploads\/2025\/07\/spiritual-9079217_1280.jpg\" class=\"et_pb_lightbox_image\" title=\"\"><span class=\"et_pb_image_wrap has-box-shadow-overlay\"><div class=\"box-shadow-overlay\"><\/div><img loading=\"lazy\" decoding=\"async\" width=\"1280\" height=\"1280\" src=\"http:\/\/www.dactyloplus.fr\/wp-content\/uploads\/2025\/07\/spiritual-9079217_1280.jpg\" alt=\"\" title=\"spiritual-9079217_1280\" srcset=\"https:\/\/www.dactyloplus.fr\/wp-content\/uploads\/2025\/07\/spiritual-9079217_1280.jpg 1280w, https:\/\/www.dactyloplus.fr\/wp-content\/uploads\/2025\/07\/spiritual-9079217_1280-980x980.jpg 980w, https:\/\/www.dactyloplus.fr\/wp-content\/uploads\/2025\/07\/spiritual-9079217_1280-480x480.jpg 480w\" sizes=\"(min-width: 0px) and (max-width: 480px) 480px, (min-width: 481px) and (max-width: 980px) 980px, (min-width: 981px) 1280px, 100vw\" class=\"wp-image-25921\" \/><span class=\"et_overlay et_pb_inline_icon\" data-icon=\"\uf00e\"><\/span><\/span><\/a>\n\t\t\t<\/div><div class=\"et_pb_module et_d4_element et_pb_text et_pb_text_2  et_pb_text_align_left et_pb_bg_layout_light\">\n\t\t\t\t\n\t\t\t\t\n\t\t\t\t\n\t\t\t\t\n\t\t\t\t<div class=\"et_pb_text_inner\"><h4 style=\"text-align: center;\">initiation \u00e0 la lithoth\u00e9rapie<\/h4><\/div>\n\t\t\t<\/div><div class=\"et_pb_button_module_wrapper et_pb_button_2_wrapper et_pb_button_alignment_center et_pb_module \">\n\t\t\t\t<a class=\"et_pb_button et_d4_element et_pb_button_2 et_pb_bg_layout_dark et_block_module\" href=\"\" data-icon=\"$\">En savoir plus<\/a>\n\t\t\t<\/div>\n\t\t\t<\/div><div class=\"et_d4_element et_pb_column_1_2 et_pb_column et_pb_column_3  et_pb_css_mix_blend_mode et-last-child et_block_column\">\n\t\t\t\t\n\t\t\t\t\n\t\t\t\t\n\t\t\t\t\n\t\t\t\t<div class=\"et_pb_module et_d4_element et_pb_image et_pb_image_3 et_pb_has_overlay\">\n\t\t\t\t\n\t\t\t\t\n\t\t\t\t\n\t\t\t\t\n\t\t\t\t<a href=\"http:\/\/www.dactyloplus.fr\/wp-content\/uploads\/2025\/07\/lantern-9690283_1280.jpg\" class=\"et_pb_lightbox_image\" title=\"\"><span class=\"et_pb_image_wrap has-box-shadow-overlay\"><div class=\"box-shadow-overlay\"><\/div><img loading=\"lazy\" decoding=\"async\" width=\"1280\" height=\"1280\" src=\"http:\/\/www.dactyloplus.fr\/wp-content\/uploads\/2025\/07\/lantern-9690283_1280.jpg\" alt=\"\" title=\"lantern-9690283_1280\" srcset=\"https:\/\/www.dactyloplus.fr\/wp-content\/uploads\/2025\/07\/lantern-9690283_1280.jpg 1280w, https:\/\/www.dactyloplus.fr\/wp-content\/uploads\/2025\/07\/lantern-9690283_1280-980x980.jpg 980w, https:\/\/www.dactyloplus.fr\/wp-content\/uploads\/2025\/07\/lantern-9690283_1280-480x480.jpg 480w\" sizes=\"(min-width: 0px) and (max-width: 480px) 480px, (min-width: 481px) and (max-width: 980px) 980px, (min-width: 981px) 1280px, 100vw\" class=\"wp-image-25922\" \/><span class=\"et_overlay et_pb_inline_icon\" data-icon=\"\uf00e\"><\/span><\/span><\/a>\n\t\t\t<\/div><div class=\"et_pb_module et_d4_element et_pb_text et_pb_text_3  et_pb_text_align_left et_pb_bg_layout_light\">\n\t\t\t\t\n\t\t\t\t\n\t\t\t\t\n\t\t\t\t\n\t\t\t\t<div class=\"et_pb_text_inner\"><h4 style=\"text-align: center;\">initiation \u00e0 la m\u00e9decine \u00e9nerg\u00e9tique<\/h4><\/div>\n\t\t\t<\/div><div class=\"et_pb_button_module_wrapper et_pb_button_3_wrapper et_pb_button_alignment_center et_pb_module \">\n\t\t\t\t<a class=\"et_pb_button et_d4_element et_pb_button_3 et_pb_bg_layout_dark et_block_module\" href=\"\" data-icon=\"$\">En savoir plus<\/a>\n\t\t\t<\/div>\n\t\t\t<\/div>\n\t\t\t\t\n\t\t\t\t\n\t\t\t\t\n\t\t\t\t\n\t\t\t<\/div>\n\t\t\t\t\n\t\t\t\t\n\t\t\t<\/div><div class=\"et_d4_element et_pb_section et_pb_section_3 et_pb_with_background  et_pb_css_mix_blend_mode et_section_regular et_block_section\" >\n\t\t\t\t\n\t\t\t\t\n\t\t\t\t\n\t\t\t\t\n\t\t\t\t\n\t\t\t\t\n\t\t\t\t<div class=\"et_d4_element et_pb_row et_pb_row_2 et_animated  et_pb_css_mix_blend_mode et_block_row\">\n\t\t\t\t<div class=\"et_d4_element et_pb_column_4_4 et_pb_column et_pb_column_4  et_pb_css_mix_blend_mode et-last-child et_block_column\">\n\t\t\t\t\n\t\t\t\t\n\t\t\t\t\n\t\t\t\t\n\t\t\t\t<div class=\"et_pb_module et_d4_element et_pb_text et_pb_text_4 et_animated  et_pb_text_align_center et_pb_bg_layout_light\">\n\t\t\t\t\n\t\t\t\t\n\t\t\t\t\n\t\t\t\t\n\t\t\t\t<div class=\"et_pb_text_inner\"><h1><span style=\"color: #bc9034; font-family: 'Cinzel Decorative'; font-weight: normal;\"><strong>C'est le coeur de mon \u00eatre de transmettre<\/strong><\/span><\/h1><\/div>\n\t\t\t<\/div><div class=\"et_pb_module et_d4_element et_pb_text et_pb_text_5 et_animated  et_pb_text_align_center et_pb_bg_layout_light\">\n\t\t\t\t\n\t\t\t\t\n\t\t\t\t\n\t\t\t\t\n\t\t\t\t<div class=\"et_pb_text_inner\"><p><span>Acc\u00e9dez \u00e0 des cours \u00e0 distance <\/span><span>et \u00e0 des exercices qui vous permettront <\/span><span>d\u00e9veloppement et \u00e9volution<\/span><\/p>\n<p><strong><span>Votre support d'auto-gu\u00e9rison et d'\u00e9volution c'est ici !<\/span><\/strong><\/p><\/div>\n\t\t\t<\/div>\n\t\t\t<\/div>\n\t\t\t\t\n\t\t\t\t\n\t\t\t\t\n\t\t\t\t\n\t\t\t<\/div><div class=\"et_d4_element et_pb_row et_pb_row_3 et_animated  et_pb_css_mix_blend_mode et_block_row\">\n\t\t\t\t<div class=\"et_d4_element et_pb_column_1_4 et_pb_column et_pb_column_5  et_pb_css_mix_blend_mode et_block_column\">\n\t\t\t\t\n\t\t\t\t\n\t\t\t\t\n\t\t\t\t\n\t\t\t\t<div class=\"et_pb_module et_d4_element et_pb_number_counter et_pb_number_counter_0 et_animated  et_pb_text_align_center et_pb_bg_layout_light et_pb_with_title\" data-number-value=\"100\" data-number-separator=\"\">\n\t\t\t\t\n\t\t\t\t\n\t\t\t\t\n\t\t\t\t\n\t\t\t\t<div class=\"percent\" ><p><span class=\"percent-value\"><\/span><span class=\"percent-sign\"><\/span><\/p><\/div>\n\t\t\t\t<h3 class=\"title\">\u00e9tudiants<\/h3>\n\t\t\t<\/div>\n\t\t\t<\/div><div class=\"et_d4_element et_pb_column_1_4 et_pb_column et_pb_column_6  et_pb_css_mix_blend_mode et_block_column\">\n\t\t\t\t\n\t\t\t\t\n\t\t\t\t\n\t\t\t\t\n\t\t\t\t<div class=\"et_pb_module et_d4_element et_pb_number_counter et_pb_number_counter_1 et_animated  et_pb_text_align_center et_pb_bg_layout_light et_pb_with_title\" data-number-value=\"54\" data-number-separator=\"\">\n\t\t\t\t\n\t\t\t\t\n\t\t\t\t\n\t\t\t\t\n\t\t\t\t<div class=\"percent\" ><p><span class=\"percent-value\"><\/span><span class=\"percent-sign\"><\/span><\/p><\/div>\n\t\t\t\t<h3 class=\"title\">Cours<\/h3>\n\t\t\t<\/div>\n\t\t\t<\/div><div class=\"et_d4_element et_pb_column_1_4 et_pb_column et_pb_column_7  et_pb_css_mix_blend_mode et_block_column\">\n\t\t\t\t\n\t\t\t\t\n\t\t\t\t\n\t\t\t\t\n\t\t\t\t<div class=\"et_pb_module et_d4_element et_pb_number_counter et_pb_number_counter_2 et_animated  et_pb_text_align_center et_pb_bg_layout_light et_pb_with_title\" data-number-value=\"12\" data-number-separator=\"\">\n\t\t\t\t\n\t\t\t\t\n\t\t\t\t\n\t\t\t\t\n\t\t\t\t<div class=\"percent\" ><p><span class=\"percent-value\"><\/span><span class=\"percent-sign\"><\/span><\/p><\/div>\n\t\t\t\t<h3 class=\"title\">Ongoing Projects<\/h3>\n\t\t\t<\/div>\n\t\t\t<\/div><div class=\"et_d4_element et_pb_column_1_4 et_pb_column et_pb_column_8  et_pb_css_mix_blend_mode et-last-child et_block_column\">\n\t\t\t\t\n\t\t\t\t\n\t\t\t\t\n\t\t\t\t\n\t\t\t\t<div class=\"et_pb_module et_d4_element et_pb_number_counter et_pb_number_counter_3 et_animated  et_pb_text_align_center et_pb_bg_layout_light et_pb_with_title\" data-number-value=\"906\" data-number-separator=\"\">\n\t\t\t\t\n\t\t\t\t\n\t\t\t\t\n\t\t\t\t\n\t\t\t\t<div class=\"percent\" ><p><span class=\"percent-value\"><\/span><span class=\"percent-sign\"><\/span><\/p><\/div>\n\t\t\t\t<h3 class=\"title\">Cups Of Coffee<\/h3>\n\t\t\t<\/div>\n\t\t\t<\/div>\n\t\t\t\t\n\t\t\t\t\n\t\t\t\t\n\t\t\t\t\n\t\t\t<\/div>\n\t\t\t\t\n\t\t\t\t\n\t\t\t<\/div><\/p>\n","protected":false},"excerpt":{"rendered":"","protected":false},"author":1,"featured_media":0,"parent":0,"menu_order":0,"comment_status":"closed","ping_status":"closed","template":"","meta":{"_et_pb_use_builder":"on","_et_pb_old_content":"","_et_gb_content_width":"","footnotes":""},"class_list":["post-25926","page","type-page","status-publish","hentry"],"jetpack_sharing_enabled":true,"_links":{"self":[{"href":"https:\/\/www.dactyloplus.fr\/index.php\/wp-json\/wp\/v2\/pages\/25926","targetHints":{"allow":["GET"]}}],"collection":[{"href":"https:\/\/www.dactyloplus.fr\/index.php\/wp-json\/wp\/v2\/pages"}],"about":[{"href":"https:\/\/www.dactyloplus.fr\/index.php\/wp-json\/wp\/v2\/types\/page"}],"author":[{"embeddable":true,"href":"https:\/\/www.dactyloplus.fr\/index.php\/wp-json\/wp\/v2\/users\/1"}],"replies":[{"embeddable":true,"href":"https:\/\/www.dactyloplus.fr\/index.php\/wp-json\/wp\/v2\/comments?post=25926"}],"version-history":[{"count":8,"href":"https:\/\/www.dactyloplus.fr\/index.php\/wp-json\/wp\/v2\/pages\/25926\/revisions"}],"predecessor-version":[{"id":262949,"href":"https:\/\/www.dactyloplus.fr\/index.php\/wp-json\/wp\/v2\/pages\/25926\/revisions\/262949"}],"wp:attachment":[{"href":"https:\/\/www.dactyloplus.fr\/index.php\/wp-json\/wp\/v2\/media?parent=25926"}],"curies":[{"name":"wp","href":"https:\/\/api.w.org\/{rel}","templated":true}]}}