{"id":25589,"date":"2025-07-18T22:40:58","date_gmt":"2025-07-18T20:40:58","guid":{"rendered":"http:\/\/www.dactyloplus.fr\/?page_id=25589"},"modified":"2025-08-20T21:25:54","modified_gmt":"2025-08-20T19:25:54","slug":"25589-2","status":"publish","type":"page","link":"https:\/\/www.dactyloplus.fr\/index.php\/25589-2\/","title":{"rendered":"Voyance"},"content":{"rendered":"<p><div class=\"et_d4_element et_pb_section et_pb_section_0 et_pb_with_background  et_pb_css_mix_blend_mode et_section_regular et_block_section\" >\n\t\t\t\t\n\t\t\t\t\n\t\t\t\t\n\t\t\t\t\n\t\t\t\t\n\t\t\t\t\n\t\t\t\t<div class=\"et_d4_element et_pb_row et_pb_row_0  et_pb_css_mix_blend_mode et_block_row\">\n\t\t\t\t<div class=\"et_d4_element et_pb_column_4_4 et_pb_column et_pb_column_0  et_pb_css_mix_blend_mode et-last-child et_block_column\">\n\t\t\t\t\n\t\t\t\t\n\t\t\t\t\n\t\t\t\t\n\t\t\t\t<div class=\"et_pb_module et_d4_element et_pb_text et_pb_text_0  et_pb_text_align_center et_pb_bg_layout_light\">\n\t\t\t\t\n\t\t\t\t\n\t\t\t\t\n\t\t\t\t\n\t\t\t\t<div class=\"et_pb_text_inner\"><h1>VOYANCE<\/h1><\/div>\n\t\t\t<\/div>\n\t\t\t<\/div>\n\t\t\t\t\n\t\t\t\t\n\t\t\t\t\n\t\t\t\t\n\t\t\t<\/div>\n\t\t\t\t\n\t\t\t\t\n\t\t\t<\/div><div class=\"et_d4_element et_pb_section et_pb_section_1  et_pb_css_mix_blend_mode et_section_regular et_block_section\" >\n\t\t\t\t\n\t\t\t\t\n\t\t\t\t\n\t\t\t\t\n\t\t\t\t\n\t\t\t\t\n\t\t\t\t<div class=\"et_d4_element et_pb_row et_pb_row_1  et_pb_css_mix_blend_mode et_block_row\">\n\t\t\t\t<div class=\"et_d4_element et_pb_column_3_5 et_pb_column et_pb_column_1  et_pb_css_mix_blend_mode et_block_column\">\n\t\t\t\t\n\t\t\t\t\n\t\t\t\t\n\t\t\t\t\n\t\t\t\t<div class=\"et_pb_module et_d4_element et_pb_text et_pb_text_1  et_pb_text_align_left et_pb_bg_layout_light\">\n\t\t\t\t\n\t\t\t\t\n\t\t\t\t\n\t\t\t\t\n\t\t\t\t<div class=\"et_pb_text_inner\"><div class=\"xdj266r x14z9mp xat24cr x1lziwak x1vvkbs x126k92a\">\n<h3 dir=\"auto\" style=\"text-align: justify;\"><strong>Sandra, une voyante m\u00e9dium pas comme les autres...<\/strong><strong><\/strong><\/h3>\n<p><strong><\/strong><\/p>\n<p><strong><\/strong><\/p>\n<h3 dir=\"auto\" style=\"text-align: justify;\"><em>\"L'avenir n'est jamais que du pr\u00e9sent \u00e0 mettre en ordre. Tu n'as pas \u00e0 le pr\u00e9voir mais \u00e0 le permettre\"<\/em><\/h3>\n<h3 dir=\"auto\" style=\"text-align: justify;\"><em><\/em><\/h3>\n<h3 dir=\"auto\" style=\"text-align: justify;\"><span class=\"html-span xdj266r x14z9mp xat24cr x1lziwak xexx8yu xyri2b x18d9i69 x1c1uobl x1hl2dhg x16tdsg8 x1vvkbs\"><a class=\"html-a xdj266r x14z9mp xat24cr x1lziwak xexx8yu xyri2b x18d9i69 x1c1uobl x1hl2dhg x16tdsg8 x1vvkbs\" tabindex=\"-1\"><\/a><\/span>Citadelle, Antoine de Saint-Exup\u00e9ry<\/h3>\n<p>&nbsp;<\/p>\n<h3 dir=\"auto\" style=\"text-align: justify;\"><\/h3>\n<h3 dir=\"auto\" style=\"text-align: justify;\">C'est pourquoi j'ai fait le choix d'utiliser mes dons de clairvoyance d'une fa\u00e7on tr\u00e8s diff\u00e9rente de la plupart des voyants !<\/h3>\n<p>&nbsp;<\/p>\n<\/div>\n<div dir=\"auto\"><\/div><\/div>\n\t\t\t<\/div>\n\t\t\t<\/div><div class=\"et_d4_element et_pb_column_2_5 et_pb_column et_pb_column_2  et_pb_css_mix_blend_mode et-last-child et_block_column\">\n\t\t\t\t\n\t\t\t\t\n\t\t\t\t\n\t\t\t\t\n\t\t\t\t<div class=\"et_pb_module et_d4_element et_pb_image et_pb_image_0\">\n\t\t\t\t\n\t\t\t\t\n\t\t\t\t\n\t\t\t\t\n\t\t\t\t<span class=\"et_pb_image_wrap \"><img loading=\"lazy\" decoding=\"async\" width=\"1463\" height=\"2048\" src=\"http:\/\/www.dactyloplus.fr\/wp-content\/uploads\/2025\/07\/baf74195-5903-4612-9f81-460e46cc8404.jpeg\" alt=\"\" title=\"baf74195-5903-4612-9f81-460e46cc8404\" srcset=\"https:\/\/www.dactyloplus.fr\/wp-content\/uploads\/2025\/07\/baf74195-5903-4612-9f81-460e46cc8404.jpeg 1463w, https:\/\/www.dactyloplus.fr\/wp-content\/uploads\/2025\/07\/baf74195-5903-4612-9f81-460e46cc8404-1280x1792.jpeg 1280w, https:\/\/www.dactyloplus.fr\/wp-content\/uploads\/2025\/07\/baf74195-5903-4612-9f81-460e46cc8404-980x1372.jpeg 980w, https:\/\/www.dactyloplus.fr\/wp-content\/uploads\/2025\/07\/baf74195-5903-4612-9f81-460e46cc8404-480x672.jpeg 480w\" sizes=\"(min-width: 0px) and (max-width: 480px) 480px, (min-width: 481px) and (max-width: 980px) 980px, (min-width: 981px) and (max-width: 1280px) 1280px, (min-width: 1281px) 1463px, 100vw\" class=\"wp-image-25530\" \/><\/span>\n\t\t\t<\/div>\n\t\t\t<\/div>\n\t\t\t\t\n\t\t\t\t\n\t\t\t\t\n\t\t\t\t\n\t\t\t<\/div>\n\t\t\t\t\n\t\t\t\t\n\t\t\t<\/div><div class=\"et_d4_element et_pb_section et_pb_section_2 et_pb_with_background  et_pb_css_mix_blend_mode et_section_regular et_block_section\" >\n\t\t\t\t\n\t\t\t\t\n\t\t\t\t\n\t\t\t\t\n\t\t\t\t\n\t\t\t\t\n\t\t\t\t<div class=\"et_d4_element et_pb_row et_pb_row_2  et_pb_css_mix_blend_mode et_block_row\">\n\t\t\t\t<div class=\"et_d4_element et_pb_column_4_4 et_pb_column et_pb_column_3  et_pb_css_mix_blend_mode et-last-child et_block_column\">\n\t\t\t\t\n\t\t\t\t\n\t\t\t\t\n\t\t\t\t\n\t\t\t\t<div class=\"et_pb_module et_d4_element et_pb_text et_pb_text_2  et_pb_text_align_left et_pb_bg_layout_light\">\n\t\t\t\t\n\t\t\t\t\n\t\t\t\t\n\t\t\t\t\n\t\t\t\t<div class=\"et_pb_text_inner\"><div dir=\"auto\">Mon don est un cadeau, je m'en sers pour les personnes qui sont capables de le recevoir.<\/div>\n<div dir=\"auto\">Je ne suis pas la voyante de Monsieur et Madame tout le monde ; si vous aimez la voyance de consommation ou de curiosit\u00e9, je ne suis pas du tout la personne qu'il vous faut !<\/div>\n<div dir=\"auto\">Ici c'est bien plus profond. Ma vocation c'est la transmission<\/div>\n<div dir=\"auto\">Ma d\u00e9marche et mon intention est de vous \u00e9clairer sur ce qui fait obstacle, ce qui manque ou demande \u00e0 \u00eatre vu, modul\u00e9, modifi\u00e9, lib\u00e9r\u00e9...<\/div>\n<div dir=\"auto\">Je vous r\u00e9v\u00e8le ce que votre \u00c2me a \u00e0 vous dire, sur ce qui est \u00e0 voir, comprendre dans vos sch\u00e9mas de fonctionnement pour am\u00e9liorer la situation<\/div>\n<div dir=\"auto\">et si vous poursuivez sur cette route, le r\u00e9sultat le plus probable qui soit<\/div>\n<div dir=\"auto\">Je vous donne des cl\u00e9s, des outils pour vous permettre de faire \u00e9merger l'avenir de ce domaine tel que vous voudriez qu'il soit,<\/div>\n<div dir=\"auto\">Je vous d\u00e9voile comment faire pour que cela se manifeste si c'est votre destin\u00e9e que cela se vive comme vous l'esp\u00e9rez<\/div>\n<div dir=\"auto\">ou si un autre chemin plus juste s'ouvre \u00e0 vous<\/div><\/div>\n\t\t\t<\/div>\n\t\t\t<\/div>\n\t\t\t\t\n\t\t\t\t\n\t\t\t\t\n\t\t\t\t\n\t\t\t<\/div>\n\t\t\t\t\n\t\t\t\t\n\t\t\t<\/div><div class=\"et_d4_element et_pb_section et_pb_section_3 et_pb_section_video et_pb_preload et_pb_with_background  et_pb_css_mix_blend_mode et_section_regular et_block_section\" >\n\t\t\t\t\n\t\t\t\t\n\t\t\t\t<span class=\"et_pb_section_video_bg  \">\n\t\t\t\t\t\n\t\t\t<video loop=\"loop\" autoplay playsinline muted >\n\t\t\t\t<source type=\"video\/mp4\" src=\"http:\/\/www.dactyloplus.fr\/wp-content\/uploads\/2025\/07\/Design-sans-titre.mp4\" \/>\n\t\t\t\t\n\t\t\t<\/video>\n\t\t\t\t<\/span>\n\t\t\t\t\n\t\t\t\t\n\t\t\t\t\n\t\t\t\t<div class=\"et_d4_element et_pb_row et_pb_row_3  et_pb_css_mix_blend_mode et_block_row\">\n\t\t\t\t<div class=\"et_d4_element et_pb_column_4_4 et_pb_column et_pb_column_4  et_pb_css_mix_blend_mode et-last-child et_block_column\">\n\t\t\t\t\n\t\t\t\t\n\t\t\t\t\n\t\t\t\t\n\t\t\t\t<div class=\"et_pb_module et_d4_element et_pb_text et_pb_text_3  et_pb_text_align_center et_pb_bg_layout_light\">\n\t\t\t\t\n\t\t\t\t\n\t\t\t\t\n\t\t\t\t\n\t\t\t\t<div class=\"et_pb_text_inner\"><h3 dir=\"auto\" style=\"text-align: center;\"><span style=\"color: #ffffff;\">POUR MOI LA VOYANCE N'EST QU'UN OUTIL parmi d'autres<\/span><\/h3>\n<h3 dir=\"auto\" style=\"text-align: center;\"><span style=\"color: #ffffff;\">POUR VOUS \u00c9VEILLER \u00c0 VOTRE ESPRIT, \u00c0 VOTRE CONSCIENCE ET \u00c0 CELLE DE L'UNIVERS<\/span><\/h3>\n<h3 dir=\"auto\" style=\"text-align: center;\"><span style=\"color: #ffffff;\">C'est un outil de LIB\u00c9RATION, d'AUTOR\u00c9ALISATION DE SOI<\/span><\/h3><\/div>\n\t\t\t<\/div>\n\t\t\t<\/div>\n\t\t\t\t\n\t\t\t\t\n\t\t\t\t\n\t\t\t\t\n\t\t\t<\/div>\n\t\t\t\t\n\t\t\t\t\n\t\t\t<\/div><div class=\"et_d4_element et_pb_section et_pb_section_4  et_pb_css_mix_blend_mode et_section_regular et_block_section\" >\n\t\t\t\t\n\t\t\t\t\n\t\t\t\t\n\t\t\t\t\n\t\t\t\t\n\t\t\t\t\n\t\t\t\t<div class=\"et_d4_element et_pb_row et_pb_row_4  et_pb_css_mix_blend_mode et_block_row\">\n\t\t\t\t<div class=\"et_d4_element et_pb_column_4_4 et_pb_column et_pb_column_5  et_pb_css_mix_blend_mode et-last-child et_block_column\">\n\t\t\t\t\n\t\t\t\t\n\t\t\t\t\n\t\t\t\t\n\t\t\t\t<div class=\"et_pb_module et_d4_element et_pb_text et_pb_text_4  et_pb_text_align_center et_pb_bg_layout_light\">\n\t\t\t\t\n\t\t\t\t\n\t\t\t\t\n\t\t\t\t\n\t\t\t\t<div class=\"et_pb_text_inner\"><h2>FAQ<\/h2><\/div>\n\t\t\t<\/div>\n\t\t\t<\/div>\n\t\t\t\t\n\t\t\t\t\n\t\t\t\t\n\t\t\t\t\n\t\t\t<\/div><div class=\"et_d4_element et_pb_row et_pb_row_5  et_pb_css_mix_blend_mode et_block_row\">\n\t\t\t\t<div class=\"et_d4_element et_pb_column_4_4 et_pb_column et_pb_column_6  et_pb_css_mix_blend_mode et-last-child et_block_column\">\n\t\t\t\t\n\t\t\t\t\n\t\t\t\t\n\t\t\t\t\n\t\t\t\t<div class=\"et_pb_module et_d4_element et_pb_accordion et_pb_accordion_0\">\n\t\t\t\t\n\t\t\t\t\n\t\t\t\t\n\t\t\t\t\n\t\t\t\t<div class=\"et_pb_toggle et_pb_module et_d4_element et_pb_accordion_item et_pb_accordion_item_0  et_pb_toggle_open\">\n\t\t\t\t\n\t\t\t\t\n\t\t\t\t\n\t\t\t\t\n\t\t\t\t<h5 class=\"et_pb_toggle_title\">Comment se d\u00e9roule une voyance ?<\/h5>\n\t\t\t\t<div class=\"et_pb_toggle_content clearfix\"><p>R\u00e9ponse<\/p><\/div>\n\t\t\t<\/div><div class=\"et_pb_toggle et_pb_module et_d4_element et_pb_accordion_item et_pb_accordion_item_1  et_pb_toggle_close\">\n\t\t\t\t\n\t\t\t\t\n\t\t\t\t\n\t\t\t\t\n\t\t\t\t<h5 class=\"et_pb_toggle_title\">Puis-je vous poser plusieurs questions ?<\/h5>\n\t\t\t\t<div class=\"et_pb_toggle_content clearfix\"><p>R\u00e9ponse<\/p><\/div>\n\t\t\t<\/div><div class=\"et_pb_toggle et_pb_module et_d4_element et_pb_accordion_item et_pb_accordion_item_2  et_pb_toggle_close\">\n\t\t\t\t\n\t\t\t\t\n\t\t\t\t\n\t\t\t\t\n\t\t\t\t<h5 class=\"et_pb_toggle_title\">Sed Porttitor Lectus Nibh Quisque Nisi?<\/h5>\n\t\t\t\t<div class=\"et_pb_toggle_content clearfix\"><p>Donec rutrum congue leo eget malesuada. Proin eget tortor risus. Vivamus magna justo, lacinia eget consectetur sed, convallis at tellus. Nulla porttitor accumsan tincidunt. Curabitur non nulla sit amet nisl tempus convallis quis ac lectus.<\/p><\/div>\n\t\t\t<\/div><div class=\"et_pb_toggle et_pb_module et_d4_element et_pb_accordion_item et_pb_accordion_item_3  et_pb_toggle_close\">\n\t\t\t\t\n\t\t\t\t\n\t\t\t\t\n\t\t\t\t\n\t\t\t\t<h5 class=\"et_pb_toggle_title\">Praesent Sapien Massa Convallis?<\/h5>\n\t\t\t\t<div class=\"et_pb_toggle_content clearfix\"><p>Donec rutrum congue leo eget malesuada. Proin eget tortor risus. Vivamus magna justo, lacinia eget consectetur sed, convallis at tellus. Nulla porttitor accumsan tincidunt. Curabitur non nulla sit amet nisl tempus convallis quis ac lectus.<\/p><\/div>\n\t\t\t<\/div><div class=\"et_pb_toggle et_pb_module et_d4_element et_pb_accordion_item et_pb_accordion_item_4  et_pb_toggle_close\">\n\t\t\t\t\n\t\t\t\t\n\t\t\t\t\n\t\t\t\t\n\t\t\t\t<h5 class=\"et_pb_toggle_title\">Nulla porttitor accumsan?<\/h5>\n\t\t\t\t<div class=\"et_pb_toggle_content clearfix\"><p>Donec rutrum congue leo eget malesuada. Proin eget tortor risus. Vivamus magna justo, lacinia eget consectetur sed, convallis at tellus. Nulla porttitor accumsan tincidunt. Curabitur non nulla sit amet nisl tempus convallis quis ac lectus.<\/p><\/div>\n\t\t\t<\/div><div class=\"et_pb_toggle et_pb_module et_d4_element et_pb_accordion_item et_pb_accordion_item_5  et_pb_toggle_close\">\n\t\t\t\t\n\t\t\t\t\n\t\t\t\t\n\t\t\t\t\n\t\t\t\t<h5 class=\"et_pb_toggle_title\">Quisque Velit Nisi Pretium?<\/h5>\n\t\t\t\t<div class=\"et_pb_toggle_content clearfix\"><p>Donec rutrum congue leo eget malesuada. Proin eget tortor risus. Vivamus magna justo, lacinia eget consectetur sed, convallis at tellus. Nulla porttitor accumsan tincidunt. Curabitur non nulla sit amet nisl tempus convallis quis ac lectus.<\/p><\/div>\n\t\t\t<\/div>\n\t\t\t<\/div>\n\t\t\t<\/div>\n\t\t\t\t\n\t\t\t\t\n\t\t\t\t\n\t\t\t\t\n\t\t\t<\/div>\n\t\t\t\t\n\t\t\t\t\n\t\t\t<\/div><\/p>\n","protected":false},"excerpt":{"rendered":"","protected":false},"author":1,"featured_media":0,"parent":0,"menu_order":0,"comment_status":"closed","ping_status":"closed","template":"","meta":{"_et_pb_use_builder":"on","_et_pb_old_content":"","_et_gb_content_width":"","footnotes":""},"class_list":["post-25589","page","type-page","status-publish","hentry"],"jetpack_sharing_enabled":true,"_links":{"self":[{"href":"https:\/\/www.dactyloplus.fr\/index.php\/wp-json\/wp\/v2\/pages\/25589","targetHints":{"allow":["GET"]}}],"collection":[{"href":"https:\/\/www.dactyloplus.fr\/index.php\/wp-json\/wp\/v2\/pages"}],"about":[{"href":"https:\/\/www.dactyloplus.fr\/index.php\/wp-json\/wp\/v2\/types\/page"}],"author":[{"embeddable":true,"href":"https:\/\/www.dactyloplus.fr\/index.php\/wp-json\/wp\/v2\/users\/1"}],"replies":[{"embeddable":true,"href":"https:\/\/www.dactyloplus.fr\/index.php\/wp-json\/wp\/v2\/comments?post=25589"}],"version-history":[{"count":15,"href":"https:\/\/www.dactyloplus.fr\/index.php\/wp-json\/wp\/v2\/pages\/25589\/revisions"}],"predecessor-version":[{"id":262355,"href":"https:\/\/www.dactyloplus.fr\/index.php\/wp-json\/wp\/v2\/pages\/25589\/revisions\/262355"}],"wp:attachment":[{"href":"https:\/\/www.dactyloplus.fr\/index.php\/wp-json\/wp\/v2\/media?parent=25589"}],"curies":[{"name":"wp","href":"https:\/\/api.w.org\/{rel}","templated":true}]}}